{"id":12567,"date":"2019-07-29T09:32:27","date_gmt":"2019-07-29T07:32:27","guid":{"rendered":"https:\/\/www.san-alejandro.com\/?post_type=product&#038;p=12567"},"modified":"2026-04-06T13:27:59","modified_gmt":"2026-04-06T11:27:59","slug":"marques-de-nombrevilla-rosado-pouch","status":"publish","type":"product","link":"https:\/\/www.san-alejandro.com\/en\/tienda\/vinos\/marques-de-nombrevilla-rosado-pouch\/","title":{"rendered":"Marqu\u00e9s de Nombrevilla Rosado Pouch"},"content":{"rendered":"","protected":false},"excerpt":{"rendered":"<p>[vc_row type=&#8221;in_container&#8221; full_screen_row_position=&#8221;middle&#8221; scene_position=&#8221;center&#8221; text_color=&#8221;dark&#8221; text_align=&#8221;left&#8221; overlay_strength=&#8221;0.3&#8243; shape_divider_position=&#8221;bottom&#8221; bg_image_animation=&#8221;none&#8221;][vc_column column_padding=&#8221;no-extra-padding&#8221; column_padding_position=&#8221;all&#8221; background_color_opacity=&#8221;1&#8243; background_hover_color_opacity=&#8221;1&#8243; column_link_target=&#8221;_self&#8221; column_shadow=&#8221;none&#8221; column_border_radius=&#8221;none&#8221; width=&#8221;1\/1&#8243; tablet_width_inherit=&#8221;default&#8221; tablet_text_alignment=&#8221;default&#8221; phone_text_alignment=&#8221;default&#8221; column_border_width=&#8221;none&#8221; column_border_style=&#8221;solid&#8221; bg_image_animation=&#8221;none&#8221;][vc_column_text]<\/p>\n<div id=\"ficha_informacion\">\n<div class=\"informacion sec\">\n<h3>Informaci\u00f3n<\/h3>\n<p>A\u00f1ada: 2025<br \/>\nVariedad: Garnacha.<br \/>\nCapacidad: 1,5 L.<br \/>\nDenominaci\u00f3n de Origen Calatayud.<\/p>\n<h3><strong>\u00a1Un rosado fresco y vibrante!<\/strong><\/h3>\n<p>Este <strong>rosado afrutado y equilibrado<\/strong> es perfecto para acompa\u00f1ar <strong>ensaladas, pescados o tapas<\/strong>.<br \/>\nSu combinaci\u00f3n de <strong>frescura y madurez<\/strong> lo convierte en un vino ideal para compartir con amigos o en esos momentos de relax.<br \/>\nCon su <strong>color brillante y notas herb\u00e1ceas y de fresa<\/strong>, cada sorbo es una explosi\u00f3n de frescura.<br \/>\n<strong>B\u00e9belo muy fr\u00edo<\/strong> y disfruta de una experiencia completa.<br \/>\n<strong>\u00a1Hazlo tuyo ahora y lleva el sabor de Marqu\u00e9s de Nombrevilla donde m\u00e1s te guste!<\/strong><\/p>\n<hr \/>\n<h3><a href=\"https:\/\/www.san-alejandro.com\/wp-content\/uploads\/2020\/05\/MARQUES_DE_NOMBREVILLA_VENTAJAS_BIB_POUCH_ENVASE-1.pdf\" target=\"_blank\" rel=\"noopener noreferrer\"><strong>Ver las ventajas del envase BIB &#8220;Bag-In-Box&#8221;<\/strong><\/a><\/h3>\n<hr \/>\n<\/div>\n<\/div>\n","protected":false},"featured_media":19478,"comment_status":"open","ping_status":"closed","template":"","meta":{"_acf_changed":false},"product_cat":[15,91],"product_tag":[],"class_list":{"0":"post-12567","1":"product","2":"type-product","3":"status-publish","4":"has-post-thumbnail","6":"product_cat-vinos","7":"product_cat-marques-de-nombrevilla","8":"pa_tipo-de-vino-vino-rosado","10":"first","11":"outofstock","12":"taxable","13":"shipping-taxable","14":"purchasable","15":"product-type-simple"},"acf":[],"yoast_head":"<!-- This site is optimized with the Yoast SEO plugin v24.0 - https:\/\/yoast.com\/wordpress\/plugins\/seo\/ -->\n<title>Marqu\u00e9s de Nombrevilla Rosado Pouch - Bodegas San Alejandro<\/title>\n<meta name=\"robots\" content=\"index, follow, max-snippet:-1, max-image-preview:large, max-video-preview:-1\" \/>\n<link rel=\"canonical\" href=\"https:\/\/www.san-alejandro.com\/en\/tienda\/vinos\/marques-de-nombrevilla-rosado-pouch\/\" \/>\n<meta property=\"og:locale\" content=\"en_US\" \/>\n<meta property=\"og:type\" content=\"article\" \/>\n<meta property=\"og:title\" content=\"Marqu\u00e9s de Nombrevilla Rosado Pouch - Bodegas San Alejandro\" \/>\n<meta property=\"og:description\" content=\"[vc_row type=&quot;in_container&quot; full_screen_row_position=&quot;middle&quot; scene_position=&quot;center&quot; text_color=&quot;dark&quot; text_align=&quot;left&quot; overlay_strength=&quot;0.3&quot; shape_divider_position=&quot;bottom&quot; bg_image_animation=&quot;none&quot;][vc_column column_padding=&quot;no-extra-padding&quot; column_padding_position=&quot;all&quot; background_color_opacity=&quot;1&quot; background_hover_color_opacity=&quot;1&quot; column_link_target=&quot;_self&quot; column_shadow=&quot;none&quot; column_border_radius=&quot;none&quot; width=&quot;1\/1&quot; tablet_width_inherit=&quot;default&quot; tablet_text_alignment=&quot;default&quot; phone_text_alignment=&quot;default&quot; column_border_width=&quot;none&quot; column_border_style=&quot;solid&quot; bg_image_animation=&quot;none&quot;][vc_column_text]   Informaci\u00f3n A\u00f1ada: 2025 Variedad: Garnacha. Capacidad: 1,5 L. Denominaci\u00f3n de Origen Calatayud. \u00a1Un rosado fresco y vibrante! Este rosado afrutado y equilibrado es perfecto para acompa\u00f1ar ensaladas, pescados o tapas. Su combinaci\u00f3n de frescura y madurez lo convierte en un vino ideal para compartir con amigos o en esos momentos de relax. Con su color brillante y notas herb\u00e1ceas y de fresa, cada sorbo es una explosi\u00f3n de frescura. B\u00e9belo muy fr\u00edo y disfruta de una experiencia completa. \u00a1Hazlo tuyo ahora y lleva el sabor de Marqu\u00e9s de Nombrevilla donde m\u00e1s te guste!    Ver las ventajas del envase BIB &quot;Bag-In-Box&quot;\" \/>\n<meta property=\"og:url\" content=\"https:\/\/www.san-alejandro.com\/en\/tienda\/vinos\/marques-de-nombrevilla-rosado-pouch\/\" \/>\n<meta property=\"og:site_name\" content=\"Bodegas San Alejandro\" \/>\n<meta property=\"article:modified_time\" content=\"2026-04-06T11:27:59+00:00\" \/>\n<meta property=\"og:image\" content=\"https:\/\/www.san-alejandro.com\/wp-content\/uploads\/2019\/07\/bodegas-san-alejandro-producto-Marques-de-Nombrevilla-Rosado-Pouch.webp\" \/>\n\t<meta property=\"og:image:width\" content=\"960\" \/>\n\t<meta property=\"og:image:height\" content=\"1240\" \/>\n\t<meta property=\"og:image:type\" content=\"image\/webp\" \/>\n<meta name=\"twitter:card\" content=\"summary_large_image\" \/>\n<meta name=\"twitter:label1\" content=\"Est. reading time\" \/>\n\t<meta name=\"twitter:data1\" content=\"1 minute\" \/>\n<script type=\"application\/ld+json\" class=\"yoast-schema-graph\">{\"@context\":\"https:\/\/schema.org\",\"@graph\":[{\"@type\":\"WebPage\",\"@id\":\"https:\/\/www.san-alejandro.com\/en\/tienda\/vinos\/marques-de-nombrevilla-rosado-pouch\/\",\"url\":\"https:\/\/www.san-alejandro.com\/en\/tienda\/vinos\/marques-de-nombrevilla-rosado-pouch\/\",\"name\":\"Marqu\u00e9s de Nombrevilla Rosado Pouch - Bodegas San Alejandro\",\"isPartOf\":{\"@id\":\"https:\/\/www.san-alejandro.com\/en\/#website\"},\"primaryImageOfPage\":{\"@id\":\"https:\/\/www.san-alejandro.com\/en\/tienda\/vinos\/marques-de-nombrevilla-rosado-pouch\/#primaryimage\"},\"image\":{\"@id\":\"https:\/\/www.san-alejandro.com\/en\/tienda\/vinos\/marques-de-nombrevilla-rosado-pouch\/#primaryimage\"},\"thumbnailUrl\":\"https:\/\/www.san-alejandro.com\/wp-content\/uploads\/2019\/07\/bodegas-san-alejandro-producto-Marques-de-Nombrevilla-Rosado-Pouch.webp\",\"datePublished\":\"2019-07-29T07:32:27+00:00\",\"dateModified\":\"2026-04-06T11:27:59+00:00\",\"breadcrumb\":{\"@id\":\"https:\/\/www.san-alejandro.com\/en\/tienda\/vinos\/marques-de-nombrevilla-rosado-pouch\/#breadcrumb\"},\"inLanguage\":\"en-US\",\"potentialAction\":[{\"@type\":\"ReadAction\",\"target\":[\"https:\/\/www.san-alejandro.com\/en\/tienda\/vinos\/marques-de-nombrevilla-rosado-pouch\/\"]}]},{\"@type\":\"ImageObject\",\"inLanguage\":\"en-US\",\"@id\":\"https:\/\/www.san-alejandro.com\/en\/tienda\/vinos\/marques-de-nombrevilla-rosado-pouch\/#primaryimage\",\"url\":\"https:\/\/www.san-alejandro.com\/wp-content\/uploads\/2019\/07\/bodegas-san-alejandro-producto-Marques-de-Nombrevilla-Rosado-Pouch.webp\",\"contentUrl\":\"https:\/\/www.san-alejandro.com\/wp-content\/uploads\/2019\/07\/bodegas-san-alejandro-producto-Marques-de-Nombrevilla-Rosado-Pouch.webp\",\"width\":960,\"height\":1240},{\"@type\":\"BreadcrumbList\",\"@id\":\"https:\/\/www.san-alejandro.com\/en\/tienda\/vinos\/marques-de-nombrevilla-rosado-pouch\/#breadcrumb\",\"itemListElement\":[{\"@type\":\"ListItem\",\"position\":1,\"name\":\"Portada\",\"item\":\"https:\/\/www.san-alejandro.com\/en\/\"},{\"@type\":\"ListItem\",\"position\":2,\"name\":\"Productos tienda\",\"item\":\"https:\/\/www.san-alejandro.com\/productos-tienda\/\"},{\"@type\":\"ListItem\",\"position\":3,\"name\":\"Marqu\u00e9s de Nombrevilla Rosado Pouch\"}]},{\"@type\":\"WebSite\",\"@id\":\"https:\/\/www.san-alejandro.com\/en\/#website\",\"url\":\"https:\/\/www.san-alejandro.com\/en\/\",\"name\":\"Bodegas San Alejandro\",\"description\":\"Desde 1962 en Bodegas San Alejandro elaboramos vinos de garnacha reconocidos en todo el mundo, que inspiran y deleitan gracias a la naturaleza de nuestras vi\u00f1as\",\"potentialAction\":[{\"@type\":\"SearchAction\",\"target\":{\"@type\":\"EntryPoint\",\"urlTemplate\":\"https:\/\/www.san-alejandro.com\/en\/?s={search_term_string}\"},\"query-input\":{\"@type\":\"PropertyValueSpecification\",\"valueRequired\":true,\"valueName\":\"search_term_string\"}}],\"inLanguage\":\"en-US\"}]}<\/script>\n<!-- \/ Yoast SEO plugin. -->","yoast_head_json":{"title":"Marqu\u00e9s de Nombrevilla Rosado Pouch - Bodegas San Alejandro","robots":{"index":"index","follow":"follow","max-snippet":"max-snippet:-1","max-image-preview":"max-image-preview:large","max-video-preview":"max-video-preview:-1"},"canonical":"https:\/\/www.san-alejandro.com\/en\/tienda\/vinos\/marques-de-nombrevilla-rosado-pouch\/","og_locale":"en_US","og_type":"article","og_title":"Marqu\u00e9s de Nombrevilla Rosado Pouch - Bodegas San Alejandro","og_description":"[vc_row type=\"in_container\" full_screen_row_position=\"middle\" scene_position=\"center\" text_color=\"dark\" text_align=\"left\" overlay_strength=\"0.3\" shape_divider_position=\"bottom\" bg_image_animation=\"none\"][vc_column column_padding=\"no-extra-padding\" column_padding_position=\"all\" background_color_opacity=\"1\" background_hover_color_opacity=\"1\" column_link_target=\"_self\" column_shadow=\"none\" column_border_radius=\"none\" width=\"1\/1\" tablet_width_inherit=\"default\" tablet_text_alignment=\"default\" phone_text_alignment=\"default\" column_border_width=\"none\" column_border_style=\"solid\" bg_image_animation=\"none\"][vc_column_text]   Informaci\u00f3n A\u00f1ada: 2025 Variedad: Garnacha. Capacidad: 1,5 L. Denominaci\u00f3n de Origen Calatayud. \u00a1Un rosado fresco y vibrante! Este rosado afrutado y equilibrado es perfecto para acompa\u00f1ar ensaladas, pescados o tapas. Su combinaci\u00f3n de frescura y madurez lo convierte en un vino ideal para compartir con amigos o en esos momentos de relax. Con su color brillante y notas herb\u00e1ceas y de fresa, cada sorbo es una explosi\u00f3n de frescura. B\u00e9belo muy fr\u00edo y disfruta de una experiencia completa. \u00a1Hazlo tuyo ahora y lleva el sabor de Marqu\u00e9s de Nombrevilla donde m\u00e1s te guste!    Ver las ventajas del envase BIB \"Bag-In-Box\"","og_url":"https:\/\/www.san-alejandro.com\/en\/tienda\/vinos\/marques-de-nombrevilla-rosado-pouch\/","og_site_name":"Bodegas San Alejandro","article_modified_time":"2026-04-06T11:27:59+00:00","og_image":[{"width":960,"height":1240,"url":"https:\/\/www.san-alejandro.com\/wp-content\/uploads\/2019\/07\/bodegas-san-alejandro-producto-Marques-de-Nombrevilla-Rosado-Pouch.webp","type":"image\/webp"}],"twitter_card":"summary_large_image","twitter_misc":{"Est. reading time":"1 minute"},"schema":{"@context":"https:\/\/schema.org","@graph":[{"@type":"WebPage","@id":"https:\/\/www.san-alejandro.com\/en\/tienda\/vinos\/marques-de-nombrevilla-rosado-pouch\/","url":"https:\/\/www.san-alejandro.com\/en\/tienda\/vinos\/marques-de-nombrevilla-rosado-pouch\/","name":"Marqu\u00e9s de Nombrevilla Rosado Pouch - Bodegas San Alejandro","isPartOf":{"@id":"https:\/\/www.san-alejandro.com\/en\/#website"},"primaryImageOfPage":{"@id":"https:\/\/www.san-alejandro.com\/en\/tienda\/vinos\/marques-de-nombrevilla-rosado-pouch\/#primaryimage"},"image":{"@id":"https:\/\/www.san-alejandro.com\/en\/tienda\/vinos\/marques-de-nombrevilla-rosado-pouch\/#primaryimage"},"thumbnailUrl":"https:\/\/www.san-alejandro.com\/wp-content\/uploads\/2019\/07\/bodegas-san-alejandro-producto-Marques-de-Nombrevilla-Rosado-Pouch.webp","datePublished":"2019-07-29T07:32:27+00:00","dateModified":"2026-04-06T11:27:59+00:00","breadcrumb":{"@id":"https:\/\/www.san-alejandro.com\/en\/tienda\/vinos\/marques-de-nombrevilla-rosado-pouch\/#breadcrumb"},"inLanguage":"en-US","potentialAction":[{"@type":"ReadAction","target":["https:\/\/www.san-alejandro.com\/en\/tienda\/vinos\/marques-de-nombrevilla-rosado-pouch\/"]}]},{"@type":"ImageObject","inLanguage":"en-US","@id":"https:\/\/www.san-alejandro.com\/en\/tienda\/vinos\/marques-de-nombrevilla-rosado-pouch\/#primaryimage","url":"https:\/\/www.san-alejandro.com\/wp-content\/uploads\/2019\/07\/bodegas-san-alejandro-producto-Marques-de-Nombrevilla-Rosado-Pouch.webp","contentUrl":"https:\/\/www.san-alejandro.com\/wp-content\/uploads\/2019\/07\/bodegas-san-alejandro-producto-Marques-de-Nombrevilla-Rosado-Pouch.webp","width":960,"height":1240},{"@type":"BreadcrumbList","@id":"https:\/\/www.san-alejandro.com\/en\/tienda\/vinos\/marques-de-nombrevilla-rosado-pouch\/#breadcrumb","itemListElement":[{"@type":"ListItem","position":1,"name":"Portada","item":"https:\/\/www.san-alejandro.com\/en\/"},{"@type":"ListItem","position":2,"name":"Productos tienda","item":"https:\/\/www.san-alejandro.com\/productos-tienda\/"},{"@type":"ListItem","position":3,"name":"Marqu\u00e9s de Nombrevilla Rosado Pouch"}]},{"@type":"WebSite","@id":"https:\/\/www.san-alejandro.com\/en\/#website","url":"https:\/\/www.san-alejandro.com\/en\/","name":"Bodegas San Alejandro","description":"Desde 1962 en Bodegas San Alejandro elaboramos vinos de garnacha reconocidos en todo el mundo, que inspiran y deleitan gracias a la naturaleza de nuestras vi\u00f1as","potentialAction":[{"@type":"SearchAction","target":{"@type":"EntryPoint","urlTemplate":"https:\/\/www.san-alejandro.com\/en\/?s={search_term_string}"},"query-input":{"@type":"PropertyValueSpecification","valueRequired":true,"valueName":"search_term_string"}}],"inLanguage":"en-US"}]}},"_links":{"self":[{"href":"https:\/\/www.san-alejandro.com\/en\/wp-json\/wp\/v2\/product\/12567","targetHints":{"allow":["GET"]}}],"collection":[{"href":"https:\/\/www.san-alejandro.com\/en\/wp-json\/wp\/v2\/product"}],"about":[{"href":"https:\/\/www.san-alejandro.com\/en\/wp-json\/wp\/v2\/types\/product"}],"replies":[{"embeddable":true,"href":"https:\/\/www.san-alejandro.com\/en\/wp-json\/wp\/v2\/comments?post=12567"}],"wp:featuredmedia":[{"embeddable":true,"href":"https:\/\/www.san-alejandro.com\/en\/wp-json\/wp\/v2\/media\/19478"}],"wp:attachment":[{"href":"https:\/\/www.san-alejandro.com\/en\/wp-json\/wp\/v2\/media?parent=12567"}],"wp:term":[{"taxonomy":"product_cat","embeddable":true,"href":"https:\/\/www.san-alejandro.com\/en\/wp-json\/wp\/v2\/product_cat?post=12567"},{"taxonomy":"product_tag","embeddable":true,"href":"https:\/\/www.san-alejandro.com\/en\/wp-json\/wp\/v2\/product_tag?post=12567"}],"curies":[{"name":"wp","href":"https:\/\/api.w.org\/{rel}","templated":true}]}}