{"id":12646,"date":"2019-07-29T09:29:51","date_gmt":"2019-07-29T07:29:51","guid":{"rendered":"https:\/\/www.san-alejandro.com\/?post_type=product&#038;p=12646"},"modified":"2026-04-06T13:34:31","modified_gmt":"2026-04-06T11:34:31","slug":"las-rocas-garnacha","status":"publish","type":"product","link":"https:\/\/www.san-alejandro.com\/en\/tienda\/vinos\/las-rocas-garnacha\/","title":{"rendered":"Las Rocas Garnacha"},"content":{"rendered":"","protected":false},"excerpt":{"rendered":"<p>[vc_row type=&#8221;in_container&#8221; full_screen_row_position=&#8221;middle&#8221; scene_position=&#8221;center&#8221; text_color=&#8221;dark&#8221; text_align=&#8221;left&#8221; overlay_strength=&#8221;0.3&#8243; shape_divider_position=&#8221;bottom&#8221; bg_image_animation=&#8221;none&#8221;][vc_column column_padding=&#8221;no-extra-padding&#8221; column_padding_position=&#8221;all&#8221; background_color_opacity=&#8221;1&#8243; background_hover_color_opacity=&#8221;1&#8243; column_link_target=&#8221;_self&#8221; column_shadow=&#8221;none&#8221; column_border_radius=&#8221;none&#8221; width=&#8221;1\/1&#8243; tablet_width_inherit=&#8221;default&#8221; tablet_text_alignment=&#8221;default&#8221; phone_text_alignment=&#8221;default&#8221; column_border_width=&#8221;none&#8221; column_border_style=&#8221;solid&#8221; bg_image_animation=&#8221;none&#8221;][vc_column_text]<\/p>\n<div id=\"ficha_informacion\">\n<div class=\"informacion sec\">\n<h3>Informaci\u00f3n<\/h3>\n<p>A\u00f1ada: 2025<br \/>\nVariedad: Garnacha.<br \/>\nDenominaci\u00f3n de Origen Calatayud.<\/p>\n<h3>Descripci\u00f3n<\/h3>\n<p>De los vinos m\u00e1s distintivos del mundo, Las Rocas es un vino de Garnacha que pretende representar el comportamiento de esta variedad en dos sub-zonas de Calatayud (Sierra Vicort y Santa Cruz), buscando un estilo de vino de completa madurez fen\u00f3lica y de tanino afinado por la crianza en dep\u00f3sito y barrica.<\/p>\n<h3>Caracter\u00edsticas del vi\u00f1edo<\/h3>\n<p>Vi\u00f1edos de entre 40 &#8211; 60 a\u00f1os en vaso, en secano y con una media de rendimiento de 3500 kg\/ha. El vi\u00f1edo se sit\u00faa en los pueblos m\u00e1s representativos de la DO Calatayud con los caracter\u00edsticos suelos de cascajos (roca coluvial junto con arcilla roja).<\/p>\n<h3>Detalles de elaboraci\u00f3n<\/h3>\n<p>Uva despalillada, no estrujada. Fermentaci\u00f3n a temperatura controlada entre 22\u00b0C. y 24\u00b0C. Fermentaci\u00f3n-maceraci\u00f3n de unos 15 d\u00edas en dep\u00f3sitos de cemento, ajustando los tratamientos de maceraci\u00f3n (remontados, deslestages y tiempo en contacto con las pieles) a las peculiaridades de cada lote de uva y su evoluci\u00f3n durante vinificaci\u00f3n. El 80% del vino envejece un a\u00f1o en dep\u00f3sitos de cemento, y el 20% en barricas de distintos usos.<\/p>\n<\/div>\n<h3>\u00daltimas medallas<\/h3>\n<\/div>\n<h3><a href=\"https:\/\/www.san-alejandro.com\/wp-content\/uploads\/2019\/07\/92Parker_2024-negro.png\"><img loading=\"lazy\" decoding=\"async\" class=\"alignnone wp-image-18358 size-full\" src=\"https:\/\/www.san-alejandro.com\/wp-content\/uploads\/2019\/07\/92Parker_2024-negro.png\" alt=\"\" width=\"165\" height=\"134\" \/><\/a><\/h3>\n<h3>Notas de cata<\/h3>\n<p>Rico en aromas especiados y con una delicada textura mineral, bien estructurado, con matices de madera de roble. Taninos redondos y un rico afrutado paladar.<\/p>\n","protected":false},"featured_media":19439,"comment_status":"open","ping_status":"closed","template":"","meta":{"_acf_changed":false},"product_cat":[15,95],"product_tag":[],"class_list":{"0":"post-12646","1":"product","2":"type-product","3":"status-publish","4":"has-post-thumbnail","6":"product_cat-vinos","7":"product_cat-las-rocas","8":"pa_tipo-de-vino-vino-tinto","10":"first","11":"outofstock","12":"taxable","13":"shipping-taxable","14":"purchasable","15":"product-type-simple"},"acf":[],"yoast_head":"<!-- This site is optimized with the Yoast SEO plugin v24.0 - https:\/\/yoast.com\/wordpress\/plugins\/seo\/ -->\n<title>Las Rocas Garnacha - Bodegas San Alejandro<\/title>\n<meta name=\"robots\" content=\"index, follow, max-snippet:-1, max-image-preview:large, max-video-preview:-1\" \/>\n<link rel=\"canonical\" href=\"https:\/\/www.san-alejandro.com\/en\/tienda\/vinos\/las-rocas-garnacha\/\" \/>\n<meta property=\"og:locale\" content=\"en_US\" \/>\n<meta property=\"og:type\" content=\"article\" \/>\n<meta property=\"og:title\" content=\"Las Rocas Garnacha - Bodegas San Alejandro\" \/>\n<meta property=\"og:description\" content=\"[vc_row type=&quot;in_container&quot; full_screen_row_position=&quot;middle&quot; scene_position=&quot;center&quot; text_color=&quot;dark&quot; text_align=&quot;left&quot; overlay_strength=&quot;0.3&quot; shape_divider_position=&quot;bottom&quot; bg_image_animation=&quot;none&quot;][vc_column column_padding=&quot;no-extra-padding&quot; column_padding_position=&quot;all&quot; background_color_opacity=&quot;1&quot; background_hover_color_opacity=&quot;1&quot; column_link_target=&quot;_self&quot; column_shadow=&quot;none&quot; column_border_radius=&quot;none&quot; width=&quot;1\/1&quot; tablet_width_inherit=&quot;default&quot; tablet_text_alignment=&quot;default&quot; phone_text_alignment=&quot;default&quot; column_border_width=&quot;none&quot; column_border_style=&quot;solid&quot; bg_image_animation=&quot;none&quot;][vc_column_text]   Informaci\u00f3n A\u00f1ada: 2025 Variedad: Garnacha. Denominaci\u00f3n de Origen Calatayud. Descripci\u00f3n De los vinos m\u00e1s distintivos del mundo, Las Rocas es un vino de Garnacha que pretende representar el comportamiento de esta variedad en dos sub-zonas de Calatayud (Sierra Vicort y Santa Cruz), buscando un estilo de vino de completa madurez fen\u00f3lica y de tanino afinado por la crianza en dep\u00f3sito y barrica. Caracter\u00edsticas del vi\u00f1edo Vi\u00f1edos de entre 40 - 60 a\u00f1os en vaso, en secano y con una media de rendimiento de 3500 kg\/ha. El vi\u00f1edo se sit\u00faa en los pueblos m\u00e1s representativos de la DO Calatayud con los caracter\u00edsticos suelos de cascajos (roca coluvial junto con arcilla roja). Detalles de elaboraci\u00f3n Uva despalillada, no estrujada. Fermentaci\u00f3n a temperatura controlada entre 22\u00b0C. y 24\u00b0C. Fermentaci\u00f3n-maceraci\u00f3n de unos 15 d\u00edas en dep\u00f3sitos de cemento, ajustando los tratamientos de maceraci\u00f3n (remontados, deslestages y tiempo en contacto con las pieles) a las peculiaridades de cada lote de uva y su evoluci\u00f3n durante vinificaci\u00f3n. El 80% del vino envejece un a\u00f1o en dep\u00f3sitos de cemento, y el 20% en barricas de distintos usos.   \u00daltimas medallas   Notas de cata Rico en aromas especiados y con una delicada textura mineral, bien estructurado, con matices de madera de roble. Taninos redondos y un rico afrutado paladar.\" \/>\n<meta property=\"og:url\" content=\"https:\/\/www.san-alejandro.com\/en\/tienda\/vinos\/las-rocas-garnacha\/\" \/>\n<meta property=\"og:site_name\" content=\"Bodegas San Alejandro\" \/>\n<meta property=\"article:modified_time\" content=\"2026-04-06T11:34:31+00:00\" \/>\n<meta property=\"og:image\" content=\"https:\/\/www.san-alejandro.com\/wp-content\/uploads\/2019\/07\/San_Alejandro_Las_Rocas_Garnacha_BSA.jpg\" \/>\n\t<meta property=\"og:image:width\" content=\"836\" \/>\n\t<meta property=\"og:image:height\" content=\"1080\" \/>\n\t<meta property=\"og:image:type\" content=\"image\/jpeg\" \/>\n<meta name=\"twitter:card\" content=\"summary_large_image\" \/>\n<meta name=\"twitter:label1\" content=\"Est. reading time\" \/>\n\t<meta name=\"twitter:data1\" content=\"1 minute\" \/>\n<script type=\"application\/ld+json\" class=\"yoast-schema-graph\">{\"@context\":\"https:\/\/schema.org\",\"@graph\":[{\"@type\":\"WebPage\",\"@id\":\"https:\/\/www.san-alejandro.com\/en\/tienda\/vinos\/las-rocas-garnacha\/\",\"url\":\"https:\/\/www.san-alejandro.com\/en\/tienda\/vinos\/las-rocas-garnacha\/\",\"name\":\"Las Rocas Garnacha - Bodegas San Alejandro\",\"isPartOf\":{\"@id\":\"https:\/\/www.san-alejandro.com\/en\/#website\"},\"primaryImageOfPage\":{\"@id\":\"https:\/\/www.san-alejandro.com\/en\/tienda\/vinos\/las-rocas-garnacha\/#primaryimage\"},\"image\":{\"@id\":\"https:\/\/www.san-alejandro.com\/en\/tienda\/vinos\/las-rocas-garnacha\/#primaryimage\"},\"thumbnailUrl\":\"https:\/\/www.san-alejandro.com\/wp-content\/uploads\/2019\/07\/San_Alejandro_Las_Rocas_Garnacha_BSA.jpg\",\"datePublished\":\"2019-07-29T07:29:51+00:00\",\"dateModified\":\"2026-04-06T11:34:31+00:00\",\"breadcrumb\":{\"@id\":\"https:\/\/www.san-alejandro.com\/en\/tienda\/vinos\/las-rocas-garnacha\/#breadcrumb\"},\"inLanguage\":\"en-US\",\"potentialAction\":[{\"@type\":\"ReadAction\",\"target\":[\"https:\/\/www.san-alejandro.com\/en\/tienda\/vinos\/las-rocas-garnacha\/\"]}]},{\"@type\":\"ImageObject\",\"inLanguage\":\"en-US\",\"@id\":\"https:\/\/www.san-alejandro.com\/en\/tienda\/vinos\/las-rocas-garnacha\/#primaryimage\",\"url\":\"https:\/\/www.san-alejandro.com\/wp-content\/uploads\/2019\/07\/San_Alejandro_Las_Rocas_Garnacha_BSA.jpg\",\"contentUrl\":\"https:\/\/www.san-alejandro.com\/wp-content\/uploads\/2019\/07\/San_Alejandro_Las_Rocas_Garnacha_BSA.jpg\",\"width\":836,\"height\":1080},{\"@type\":\"BreadcrumbList\",\"@id\":\"https:\/\/www.san-alejandro.com\/en\/tienda\/vinos\/las-rocas-garnacha\/#breadcrumb\",\"itemListElement\":[{\"@type\":\"ListItem\",\"position\":1,\"name\":\"Portada\",\"item\":\"https:\/\/www.san-alejandro.com\/en\/\"},{\"@type\":\"ListItem\",\"position\":2,\"name\":\"Productos tienda\",\"item\":\"https:\/\/www.san-alejandro.com\/productos-tienda\/\"},{\"@type\":\"ListItem\",\"position\":3,\"name\":\"Las Rocas Garnacha\"}]},{\"@type\":\"WebSite\",\"@id\":\"https:\/\/www.san-alejandro.com\/en\/#website\",\"url\":\"https:\/\/www.san-alejandro.com\/en\/\",\"name\":\"Bodegas San Alejandro\",\"description\":\"Desde 1962 en Bodegas San Alejandro elaboramos vinos de garnacha reconocidos en todo el mundo, que inspiran y deleitan gracias a la naturaleza de nuestras vi\u00f1as\",\"potentialAction\":[{\"@type\":\"SearchAction\",\"target\":{\"@type\":\"EntryPoint\",\"urlTemplate\":\"https:\/\/www.san-alejandro.com\/en\/?s={search_term_string}\"},\"query-input\":{\"@type\":\"PropertyValueSpecification\",\"valueRequired\":true,\"valueName\":\"search_term_string\"}}],\"inLanguage\":\"en-US\"}]}<\/script>\n<!-- \/ Yoast SEO plugin. -->","yoast_head_json":{"title":"Las Rocas Garnacha - Bodegas San Alejandro","robots":{"index":"index","follow":"follow","max-snippet":"max-snippet:-1","max-image-preview":"max-image-preview:large","max-video-preview":"max-video-preview:-1"},"canonical":"https:\/\/www.san-alejandro.com\/en\/tienda\/vinos\/las-rocas-garnacha\/","og_locale":"en_US","og_type":"article","og_title":"Las Rocas Garnacha - Bodegas San Alejandro","og_description":"[vc_row type=\"in_container\" full_screen_row_position=\"middle\" scene_position=\"center\" text_color=\"dark\" text_align=\"left\" overlay_strength=\"0.3\" shape_divider_position=\"bottom\" bg_image_animation=\"none\"][vc_column column_padding=\"no-extra-padding\" column_padding_position=\"all\" background_color_opacity=\"1\" background_hover_color_opacity=\"1\" column_link_target=\"_self\" column_shadow=\"none\" column_border_radius=\"none\" width=\"1\/1\" tablet_width_inherit=\"default\" tablet_text_alignment=\"default\" phone_text_alignment=\"default\" column_border_width=\"none\" column_border_style=\"solid\" bg_image_animation=\"none\"][vc_column_text]   Informaci\u00f3n A\u00f1ada: 2025 Variedad: Garnacha. Denominaci\u00f3n de Origen Calatayud. Descripci\u00f3n De los vinos m\u00e1s distintivos del mundo, Las Rocas es un vino de Garnacha que pretende representar el comportamiento de esta variedad en dos sub-zonas de Calatayud (Sierra Vicort y Santa Cruz), buscando un estilo de vino de completa madurez fen\u00f3lica y de tanino afinado por la crianza en dep\u00f3sito y barrica. Caracter\u00edsticas del vi\u00f1edo Vi\u00f1edos de entre 40 - 60 a\u00f1os en vaso, en secano y con una media de rendimiento de 3500 kg\/ha. El vi\u00f1edo se sit\u00faa en los pueblos m\u00e1s representativos de la DO Calatayud con los caracter\u00edsticos suelos de cascajos (roca coluvial junto con arcilla roja). Detalles de elaboraci\u00f3n Uva despalillada, no estrujada. Fermentaci\u00f3n a temperatura controlada entre 22\u00b0C. y 24\u00b0C. Fermentaci\u00f3n-maceraci\u00f3n de unos 15 d\u00edas en dep\u00f3sitos de cemento, ajustando los tratamientos de maceraci\u00f3n (remontados, deslestages y tiempo en contacto con las pieles) a las peculiaridades de cada lote de uva y su evoluci\u00f3n durante vinificaci\u00f3n. El 80% del vino envejece un a\u00f1o en dep\u00f3sitos de cemento, y el 20% en barricas de distintos usos.   \u00daltimas medallas   Notas de cata Rico en aromas especiados y con una delicada textura mineral, bien estructurado, con matices de madera de roble. Taninos redondos y un rico afrutado paladar.","og_url":"https:\/\/www.san-alejandro.com\/en\/tienda\/vinos\/las-rocas-garnacha\/","og_site_name":"Bodegas San Alejandro","article_modified_time":"2026-04-06T11:34:31+00:00","og_image":[{"width":836,"height":1080,"url":"https:\/\/www.san-alejandro.com\/wp-content\/uploads\/2019\/07\/San_Alejandro_Las_Rocas_Garnacha_BSA.jpg","type":"image\/jpeg"}],"twitter_card":"summary_large_image","twitter_misc":{"Est. reading time":"1 minute"},"schema":{"@context":"https:\/\/schema.org","@graph":[{"@type":"WebPage","@id":"https:\/\/www.san-alejandro.com\/en\/tienda\/vinos\/las-rocas-garnacha\/","url":"https:\/\/www.san-alejandro.com\/en\/tienda\/vinos\/las-rocas-garnacha\/","name":"Las Rocas Garnacha - Bodegas San Alejandro","isPartOf":{"@id":"https:\/\/www.san-alejandro.com\/en\/#website"},"primaryImageOfPage":{"@id":"https:\/\/www.san-alejandro.com\/en\/tienda\/vinos\/las-rocas-garnacha\/#primaryimage"},"image":{"@id":"https:\/\/www.san-alejandro.com\/en\/tienda\/vinos\/las-rocas-garnacha\/#primaryimage"},"thumbnailUrl":"https:\/\/www.san-alejandro.com\/wp-content\/uploads\/2019\/07\/San_Alejandro_Las_Rocas_Garnacha_BSA.jpg","datePublished":"2019-07-29T07:29:51+00:00","dateModified":"2026-04-06T11:34:31+00:00","breadcrumb":{"@id":"https:\/\/www.san-alejandro.com\/en\/tienda\/vinos\/las-rocas-garnacha\/#breadcrumb"},"inLanguage":"en-US","potentialAction":[{"@type":"ReadAction","target":["https:\/\/www.san-alejandro.com\/en\/tienda\/vinos\/las-rocas-garnacha\/"]}]},{"@type":"ImageObject","inLanguage":"en-US","@id":"https:\/\/www.san-alejandro.com\/en\/tienda\/vinos\/las-rocas-garnacha\/#primaryimage","url":"https:\/\/www.san-alejandro.com\/wp-content\/uploads\/2019\/07\/San_Alejandro_Las_Rocas_Garnacha_BSA.jpg","contentUrl":"https:\/\/www.san-alejandro.com\/wp-content\/uploads\/2019\/07\/San_Alejandro_Las_Rocas_Garnacha_BSA.jpg","width":836,"height":1080},{"@type":"BreadcrumbList","@id":"https:\/\/www.san-alejandro.com\/en\/tienda\/vinos\/las-rocas-garnacha\/#breadcrumb","itemListElement":[{"@type":"ListItem","position":1,"name":"Portada","item":"https:\/\/www.san-alejandro.com\/en\/"},{"@type":"ListItem","position":2,"name":"Productos tienda","item":"https:\/\/www.san-alejandro.com\/productos-tienda\/"},{"@type":"ListItem","position":3,"name":"Las Rocas Garnacha"}]},{"@type":"WebSite","@id":"https:\/\/www.san-alejandro.com\/en\/#website","url":"https:\/\/www.san-alejandro.com\/en\/","name":"Bodegas San Alejandro","description":"Desde 1962 en Bodegas San Alejandro elaboramos vinos de garnacha reconocidos en todo el mundo, que inspiran y deleitan gracias a la naturaleza de nuestras vi\u00f1as","potentialAction":[{"@type":"SearchAction","target":{"@type":"EntryPoint","urlTemplate":"https:\/\/www.san-alejandro.com\/en\/?s={search_term_string}"},"query-input":{"@type":"PropertyValueSpecification","valueRequired":true,"valueName":"search_term_string"}}],"inLanguage":"en-US"}]}},"_links":{"self":[{"href":"https:\/\/www.san-alejandro.com\/en\/wp-json\/wp\/v2\/product\/12646","targetHints":{"allow":["GET"]}}],"collection":[{"href":"https:\/\/www.san-alejandro.com\/en\/wp-json\/wp\/v2\/product"}],"about":[{"href":"https:\/\/www.san-alejandro.com\/en\/wp-json\/wp\/v2\/types\/product"}],"replies":[{"embeddable":true,"href":"https:\/\/www.san-alejandro.com\/en\/wp-json\/wp\/v2\/comments?post=12646"}],"wp:featuredmedia":[{"embeddable":true,"href":"https:\/\/www.san-alejandro.com\/en\/wp-json\/wp\/v2\/media\/19439"}],"wp:attachment":[{"href":"https:\/\/www.san-alejandro.com\/en\/wp-json\/wp\/v2\/media?parent=12646"}],"wp:term":[{"taxonomy":"product_cat","embeddable":true,"href":"https:\/\/www.san-alejandro.com\/en\/wp-json\/wp\/v2\/product_cat?post=12646"},{"taxonomy":"product_tag","embeddable":true,"href":"https:\/\/www.san-alejandro.com\/en\/wp-json\/wp\/v2\/product_tag?post=12646"}],"curies":[{"name":"wp","href":"https:\/\/api.w.org\/{rel}","templated":true}]}}