{"id":16489,"date":"2023-02-27T15:05:20","date_gmt":"2023-02-27T14:05:20","guid":{"rendered":"https:\/\/www.san-alejandro.com\/?post_type=product&#038;p=16489"},"modified":"2026-03-30T17:53:13","modified_gmt":"2026-03-30T15:53:13","slug":"querencia-deseya","status":"publish","type":"product","link":"https:\/\/www.san-alejandro.com\/en\/tienda\/vinos\/querencia-deseya\/","title":{"rendered":"Querencia Deseya"},"content":{"rendered":"","protected":false},"excerpt":{"rendered":"<div id=\"ficha_informacion\">\n<div class=\"informacion sec\">\n<h3>Informaci\u00f3n<\/h3>\n<p>A\u00f1ada: 2022<br \/>\nVariedad: Garnacha.<br \/>\nDenominaci\u00f3n de Origen Calatayud.<\/p>\n<div id=\"ficha_informacion\">\n<div class=\"informacion sec\">\n<h3>Descripci\u00f3n<\/h3>\n<p>Un lugar que el coraz\u00f3n Desea. Un lugar por el que la garnacha siente una irremediable QUERENCIA. Vi\u00f1edos viejos de altura y escarpadas pendientes.<\/p>\n<h3>Caracter\u00edsticas del vi\u00f1edo<\/h3>\n<p>Vi\u00f1edos viejos de zonas frescas cultivadas en vaso tradicional y de secano. Vendimia manual de viticultura ecol\u00f3gica.<\/p>\n<h3>Detalles de elaboraci\u00f3n<\/h3>\n<p>Combinaci\u00f3n de materiales de crianza: recipientes de madera (foudres y tinas) junto a dep\u00f3sitos de hormig\u00f3n de distintos or\u00edgenes (Espa\u00f1a, Francia e Italia), tinajas y dep\u00f3sitos de gres.<\/p>\n<\/div>\n<\/div>\n<div id=\"ficha_extra\">\n<div>\n<div id=\"ficha_cata\">\n<h3>Notas de cata<\/h3>\n<div class=\"item table\">\n<div class=\"table-cell tc1\"><img decoding=\"async\" title=\"Notas de cata, color del vino\" src=\"https:\/\/www.san-alejandro.com\/imagenes\/img\/notas-cata-color-vino.png\" alt=\"Icono de un ojo para indicar el color del vino en las notas de cata\" \/><\/div>\n<div class=\"table-cell tc2\">Color rojo picota.<\/div>\n<\/div>\n<div class=\"item table\">\n<div class=\"table-cell tc1\"><img decoding=\"async\" title=\"Notas de cata, olor del vino\" src=\"https:\/\/www.san-alejandro.com\/imagenes\/img\/notas-cata-olor-vino.png\" alt=\"Icono de una nariz para indicar el olor del vino en las notas de cata\" \/><\/div>\n<div class=\"table-cell tc2\">Aromas de cereza roja, ar\u00e1ndanos con recuerdos de monte bajo (tomillo).<\/div>\n<\/div>\n<div class=\"item table\">\n<div class=\"table-cell tc1\"><img decoding=\"async\" title=\"Notas de cata, sabor del vino\" src=\"https:\/\/www.san-alejandro.com\/imagenes\/img\/notas-cata-sabor-vino.png\" alt=\"Icono de unos labios para indicar el sabor del vino en las notas de cata\" \/><\/div>\n<div class=\"table-cell tc2\">Taninos maduros, sabores complejos y con equilibrio entre alcohol y acidez. Largo y persistente.<\/div>\n<\/div>\n<div>\n<h3><\/h3>\n<h3>\u00daltimas medallas<\/h3>\n<p><a href=\"https:\/\/www.san-alejandro.com\/wp-content\/uploads\/2023\/02\/Garnachas_Mundo_2024_ORO.png\"><img loading=\"lazy\" decoding=\"async\" class=\"alignnone size-full wp-image-17971\" src=\"https:\/\/www.san-alejandro.com\/wp-content\/uploads\/2023\/02\/Garnachas_Mundo_2024_ORO.png\" alt=\"\" width=\"100\" height=\"102\" \/> \u00a0<\/a><a href=\"https:\/\/www.san-alejandro.com\/wp-content\/uploads\/2023\/02\/Sticker-Ecovino-Oro_2024-TROFEO.png\"><img loading=\"lazy\" decoding=\"async\" class=\"alignnone size-medium wp-image-17973\" src=\"https:\/\/www.san-alejandro.com\/wp-content\/uploads\/2023\/02\/Sticker-Ecovino-Oro_2024-TROFEO.png\" alt=\"\" width=\"100\" height=\"102\" \/> \u00a0<\/a><a href=\"https:\/\/www.san-alejandro.com\/wp-content\/uploads\/2023\/02\/Suckling_91pt.png\"><img loading=\"lazy\" decoding=\"async\" class=\"alignnone size-medium wp-image-17975\" src=\"https:\/\/www.san-alejandro.com\/wp-content\/uploads\/2023\/02\/Suckling_91pt.png\" alt=\"\" width=\"100\" height=\"100\" \/><\/a><\/p>\n<\/div>\n<\/div>\n<\/div>\n<\/div>\n<\/div>\n<\/div>\n","protected":false},"featured_media":17995,"comment_status":"closed","ping_status":"closed","template":"","meta":{"_acf_changed":false},"product_cat":[15,120],"product_tag":[],"class_list":{"0":"post-16489","1":"product","2":"type-product","3":"status-publish","4":"has-post-thumbnail","6":"product_cat-vinos","7":"product_cat-querencia","9":"first","10":"instock","11":"taxable","12":"shipping-taxable","13":"purchasable","14":"product-type-simple"},"acf":[],"yoast_head":"<!-- This site is optimized with the Yoast SEO plugin v24.0 - https:\/\/yoast.com\/wordpress\/plugins\/seo\/ -->\n<title>Querencia Deseya - Bodegas San Alejandro<\/title>\n<meta name=\"description\" content=\"Vino tinto ecol\u00f3gico de Arag\u00f3n. Un lugar que el coraz\u00f3n Desea. Un lugar por el que la garnacha siente una irremediable QUERENCIA. Vi\u00f1edos viejos de altura y escarpadas pendientes.\" \/>\n<meta name=\"robots\" content=\"index, follow, max-snippet:-1, max-image-preview:large, max-video-preview:-1\" \/>\n<link rel=\"canonical\" href=\"https:\/\/www.san-alejandro.com\/en\/tienda\/vinos\/querencia-deseya\/\" \/>\n<meta property=\"og:locale\" content=\"en_US\" \/>\n<meta property=\"og:type\" content=\"article\" \/>\n<meta property=\"og:title\" content=\"Querencia Deseya - Bodegas San Alejandro\" \/>\n<meta property=\"og:description\" content=\"Vino tinto ecol\u00f3gico de Arag\u00f3n. Un lugar que el coraz\u00f3n Desea. Un lugar por el que la garnacha siente una irremediable QUERENCIA. Vi\u00f1edos viejos de altura y escarpadas pendientes.\" \/>\n<meta property=\"og:url\" content=\"https:\/\/www.san-alejandro.com\/en\/tienda\/vinos\/querencia-deseya\/\" \/>\n<meta property=\"og:site_name\" content=\"Bodegas San Alejandro\" \/>\n<meta property=\"article:modified_time\" content=\"2026-03-30T15:53:13+00:00\" \/>\n<meta property=\"og:image\" content=\"https:\/\/www.san-alejandro.com\/wp-content\/uploads\/2024\/11\/Querencia-Deseya.jpg\" \/>\n\t<meta property=\"og:image:width\" content=\"667\" \/>\n\t<meta property=\"og:image:height\" content=\"1000\" \/>\n\t<meta property=\"og:image:type\" content=\"image\/jpeg\" \/>\n<meta name=\"twitter:card\" content=\"summary_large_image\" \/>\n<script type=\"application\/ld+json\" class=\"yoast-schema-graph\">{\"@context\":\"https:\/\/schema.org\",\"@graph\":[{\"@type\":\"WebPage\",\"@id\":\"https:\/\/www.san-alejandro.com\/en\/tienda\/vinos\/querencia-deseya\/\",\"url\":\"https:\/\/www.san-alejandro.com\/en\/tienda\/vinos\/querencia-deseya\/\",\"name\":\"Querencia Deseya - Bodegas San Alejandro\",\"isPartOf\":{\"@id\":\"https:\/\/www.san-alejandro.com\/en\/#website\"},\"primaryImageOfPage\":{\"@id\":\"https:\/\/www.san-alejandro.com\/en\/tienda\/vinos\/querencia-deseya\/#primaryimage\"},\"image\":{\"@id\":\"https:\/\/www.san-alejandro.com\/en\/tienda\/vinos\/querencia-deseya\/#primaryimage\"},\"thumbnailUrl\":\"https:\/\/www.san-alejandro.com\/wp-content\/uploads\/2024\/11\/Querencia-Deseya.jpg\",\"datePublished\":\"2023-02-27T14:05:20+00:00\",\"dateModified\":\"2026-03-30T15:53:13+00:00\",\"description\":\"Vino tinto ecol\u00f3gico de Arag\u00f3n. Un lugar que el coraz\u00f3n Desea. Un lugar por el que la garnacha siente una irremediable QUERENCIA. Vi\u00f1edos viejos de altura y escarpadas pendientes.\",\"breadcrumb\":{\"@id\":\"https:\/\/www.san-alejandro.com\/en\/tienda\/vinos\/querencia-deseya\/#breadcrumb\"},\"inLanguage\":\"en-US\",\"potentialAction\":[{\"@type\":\"ReadAction\",\"target\":[\"https:\/\/www.san-alejandro.com\/en\/tienda\/vinos\/querencia-deseya\/\"]}]},{\"@type\":\"ImageObject\",\"inLanguage\":\"en-US\",\"@id\":\"https:\/\/www.san-alejandro.com\/en\/tienda\/vinos\/querencia-deseya\/#primaryimage\",\"url\":\"https:\/\/www.san-alejandro.com\/wp-content\/uploads\/2024\/11\/Querencia-Deseya.jpg\",\"contentUrl\":\"https:\/\/www.san-alejandro.com\/wp-content\/uploads\/2024\/11\/Querencia-Deseya.jpg\",\"width\":667,\"height\":1000},{\"@type\":\"BreadcrumbList\",\"@id\":\"https:\/\/www.san-alejandro.com\/en\/tienda\/vinos\/querencia-deseya\/#breadcrumb\",\"itemListElement\":[{\"@type\":\"ListItem\",\"position\":1,\"name\":\"Portada\",\"item\":\"https:\/\/www.san-alejandro.com\/en\/\"},{\"@type\":\"ListItem\",\"position\":2,\"name\":\"Productos tienda\",\"item\":\"https:\/\/www.san-alejandro.com\/productos-tienda\/\"},{\"@type\":\"ListItem\",\"position\":3,\"name\":\"Querencia Deseya\"}]},{\"@type\":\"WebSite\",\"@id\":\"https:\/\/www.san-alejandro.com\/en\/#website\",\"url\":\"https:\/\/www.san-alejandro.com\/en\/\",\"name\":\"Bodegas San Alejandro\",\"description\":\"Desde 1962 en Bodegas San Alejandro elaboramos vinos de garnacha reconocidos en todo el mundo, que inspiran y deleitan gracias a la naturaleza de nuestras vi\u00f1as\",\"potentialAction\":[{\"@type\":\"SearchAction\",\"target\":{\"@type\":\"EntryPoint\",\"urlTemplate\":\"https:\/\/www.san-alejandro.com\/en\/?s={search_term_string}\"},\"query-input\":{\"@type\":\"PropertyValueSpecification\",\"valueRequired\":true,\"valueName\":\"search_term_string\"}}],\"inLanguage\":\"en-US\"}]}<\/script>\n<!-- \/ Yoast SEO plugin. -->","yoast_head_json":{"title":"Querencia Deseya - Bodegas San Alejandro","description":"Vino tinto ecol\u00f3gico de Arag\u00f3n. Un lugar que el coraz\u00f3n Desea. Un lugar por el que la garnacha siente una irremediable QUERENCIA. Vi\u00f1edos viejos de altura y escarpadas pendientes.","robots":{"index":"index","follow":"follow","max-snippet":"max-snippet:-1","max-image-preview":"max-image-preview:large","max-video-preview":"max-video-preview:-1"},"canonical":"https:\/\/www.san-alejandro.com\/en\/tienda\/vinos\/querencia-deseya\/","og_locale":"en_US","og_type":"article","og_title":"Querencia Deseya - Bodegas San Alejandro","og_description":"Vino tinto ecol\u00f3gico de Arag\u00f3n. Un lugar que el coraz\u00f3n Desea. Un lugar por el que la garnacha siente una irremediable QUERENCIA. Vi\u00f1edos viejos de altura y escarpadas pendientes.","og_url":"https:\/\/www.san-alejandro.com\/en\/tienda\/vinos\/querencia-deseya\/","og_site_name":"Bodegas San Alejandro","article_modified_time":"2026-03-30T15:53:13+00:00","og_image":[{"width":667,"height":1000,"url":"https:\/\/www.san-alejandro.com\/wp-content\/uploads\/2024\/11\/Querencia-Deseya.jpg","type":"image\/jpeg"}],"twitter_card":"summary_large_image","schema":{"@context":"https:\/\/schema.org","@graph":[{"@type":"WebPage","@id":"https:\/\/www.san-alejandro.com\/en\/tienda\/vinos\/querencia-deseya\/","url":"https:\/\/www.san-alejandro.com\/en\/tienda\/vinos\/querencia-deseya\/","name":"Querencia Deseya - Bodegas San Alejandro","isPartOf":{"@id":"https:\/\/www.san-alejandro.com\/en\/#website"},"primaryImageOfPage":{"@id":"https:\/\/www.san-alejandro.com\/en\/tienda\/vinos\/querencia-deseya\/#primaryimage"},"image":{"@id":"https:\/\/www.san-alejandro.com\/en\/tienda\/vinos\/querencia-deseya\/#primaryimage"},"thumbnailUrl":"https:\/\/www.san-alejandro.com\/wp-content\/uploads\/2024\/11\/Querencia-Deseya.jpg","datePublished":"2023-02-27T14:05:20+00:00","dateModified":"2026-03-30T15:53:13+00:00","description":"Vino tinto ecol\u00f3gico de Arag\u00f3n. Un lugar que el coraz\u00f3n Desea. Un lugar por el que la garnacha siente una irremediable QUERENCIA. Vi\u00f1edos viejos de altura y escarpadas pendientes.","breadcrumb":{"@id":"https:\/\/www.san-alejandro.com\/en\/tienda\/vinos\/querencia-deseya\/#breadcrumb"},"inLanguage":"en-US","potentialAction":[{"@type":"ReadAction","target":["https:\/\/www.san-alejandro.com\/en\/tienda\/vinos\/querencia-deseya\/"]}]},{"@type":"ImageObject","inLanguage":"en-US","@id":"https:\/\/www.san-alejandro.com\/en\/tienda\/vinos\/querencia-deseya\/#primaryimage","url":"https:\/\/www.san-alejandro.com\/wp-content\/uploads\/2024\/11\/Querencia-Deseya.jpg","contentUrl":"https:\/\/www.san-alejandro.com\/wp-content\/uploads\/2024\/11\/Querencia-Deseya.jpg","width":667,"height":1000},{"@type":"BreadcrumbList","@id":"https:\/\/www.san-alejandro.com\/en\/tienda\/vinos\/querencia-deseya\/#breadcrumb","itemListElement":[{"@type":"ListItem","position":1,"name":"Portada","item":"https:\/\/www.san-alejandro.com\/en\/"},{"@type":"ListItem","position":2,"name":"Productos tienda","item":"https:\/\/www.san-alejandro.com\/productos-tienda\/"},{"@type":"ListItem","position":3,"name":"Querencia Deseya"}]},{"@type":"WebSite","@id":"https:\/\/www.san-alejandro.com\/en\/#website","url":"https:\/\/www.san-alejandro.com\/en\/","name":"Bodegas San Alejandro","description":"Desde 1962 en Bodegas San Alejandro elaboramos vinos de garnacha reconocidos en todo el mundo, que inspiran y deleitan gracias a la naturaleza de nuestras vi\u00f1as","potentialAction":[{"@type":"SearchAction","target":{"@type":"EntryPoint","urlTemplate":"https:\/\/www.san-alejandro.com\/en\/?s={search_term_string}"},"query-input":{"@type":"PropertyValueSpecification","valueRequired":true,"valueName":"search_term_string"}}],"inLanguage":"en-US"}]}},"_links":{"self":[{"href":"https:\/\/www.san-alejandro.com\/en\/wp-json\/wp\/v2\/product\/16489","targetHints":{"allow":["GET"]}}],"collection":[{"href":"https:\/\/www.san-alejandro.com\/en\/wp-json\/wp\/v2\/product"}],"about":[{"href":"https:\/\/www.san-alejandro.com\/en\/wp-json\/wp\/v2\/types\/product"}],"replies":[{"embeddable":true,"href":"https:\/\/www.san-alejandro.com\/en\/wp-json\/wp\/v2\/comments?post=16489"}],"wp:featuredmedia":[{"embeddable":true,"href":"https:\/\/www.san-alejandro.com\/en\/wp-json\/wp\/v2\/media\/17995"}],"wp:attachment":[{"href":"https:\/\/www.san-alejandro.com\/en\/wp-json\/wp\/v2\/media?parent=16489"}],"wp:term":[{"taxonomy":"product_cat","embeddable":true,"href":"https:\/\/www.san-alejandro.com\/en\/wp-json\/wp\/v2\/product_cat?post=16489"},{"taxonomy":"product_tag","embeddable":true,"href":"https:\/\/www.san-alejandro.com\/en\/wp-json\/wp\/v2\/product_tag?post=16489"}],"curies":[{"name":"wp","href":"https:\/\/api.w.org\/{rel}","templated":true}]}}