{"id":17078,"date":"2023-12-05T16:56:25","date_gmt":"2023-12-05T15:56:25","guid":{"rendered":"https:\/\/www.san-alejandro.com\/?post_type=product&#038;p=17078"},"modified":"2026-03-25T10:43:43","modified_gmt":"2026-03-25T09:43:43","slug":"pack-baltasar","status":"publish","type":"product","link":"https:\/\/www.san-alejandro.com\/en\/tienda\/vinos\/pack-baltasar\/","title":{"rendered":"Pack Baltasar"},"content":{"rendered":"","protected":false},"excerpt":{"rendered":"<p>[vc_row type=&#8221;in_container&#8221; full_screen_row_position=&#8221;middle&#8221; scene_position=&#8221;center&#8221; text_color=&#8221;dark&#8221; text_align=&#8221;left&#8221; overlay_strength=&#8221;0.3&#8243; shape_divider_position=&#8221;bottom&#8221; bg_image_animation=&#8221;none&#8221;][vc_column column_padding=&#8221;no-extra-padding&#8221; column_padding_position=&#8221;all&#8221; background_color_opacity=&#8221;1&#8243; background_hover_color_opacity=&#8221;1&#8243; column_link_target=&#8221;_self&#8221; column_shadow=&#8221;none&#8221; column_border_radius=&#8221;none&#8221; width=&#8221;1\/1&#8243; tablet_width_inherit=&#8221;default&#8221; tablet_text_alignment=&#8221;default&#8221; phone_text_alignment=&#8221;default&#8221; column_border_width=&#8221;none&#8221; column_border_style=&#8221;solid&#8221; bg_image_animation=&#8221;none&#8221;][vc_column_text]<\/p>\n<div id=\"ficha_informacion\">\n<div class=\"informacion sec\">\n<p>No podemos pon\u00e9rtelo m\u00e1s f\u00e1cil. Te presentamos una selecci\u00f3n de 3 vinos para que conozcas nuestra gama Baltasar.<\/p>\n<h3>El pack incluye:<\/h3>\n<ul>\n<li>1 botella de nuestro <strong>Baltasar Graci\u00e1n Blanco &#8220;El Discreto&#8221;.<\/strong><\/li>\n<li>1 botella de nuestro <strong>Baltasar Graci\u00e1n Tinto &#8220;El Pol\u00edtico&#8221;<\/strong><strong>.<\/strong><\/li>\n<li>1 botella de nuestro <strong>Baltasar Graci\u00e1n Vi\u00f1as Viejas &#8220;El H\u00e9roe&#8221;<\/strong><strong>.<\/strong><\/li>\n<li>Abridor profesional Pulltex.<\/li>\n<li>Tarjeta personalizada.<\/li>\n<li>1 Estuche.<\/li>\n<li>Portes incluidos.<\/li>\n<\/ul>\n<\/div>\n<\/div>\n","protected":false},"featured_media":17093,"comment_status":"closed","ping_status":"closed","template":"","meta":{"_acf_changed":false},"product_cat":[15,138],"product_tag":[],"class_list":{"0":"post-17078","1":"product","2":"type-product","3":"status-publish","4":"has-post-thumbnail","6":"product_cat-vinos","7":"product_cat-packs","8":"product_shipping_class-envio-gratuito","10":"first","11":"instock","12":"taxable","13":"shipping-taxable","14":"purchasable","15":"product-type-simple"},"acf":[],"yoast_head":"<!-- This site is optimized with the Yoast SEO plugin v24.0 - https:\/\/yoast.com\/wordpress\/plugins\/seo\/ -->\n<title>Pack Baltasar - Bodegas San Alejandro<\/title>\n<meta name=\"robots\" content=\"index, follow, max-snippet:-1, max-image-preview:large, max-video-preview:-1\" \/>\n<link rel=\"canonical\" href=\"https:\/\/www.san-alejandro.com\/en\/tienda\/vinos\/pack-baltasar\/\" \/>\n<meta property=\"og:locale\" content=\"en_US\" \/>\n<meta property=\"og:type\" content=\"article\" \/>\n<meta property=\"og:title\" content=\"Pack Baltasar - Bodegas San Alejandro\" \/>\n<meta property=\"og:description\" content=\"[vc_row type=&quot;in_container&quot; full_screen_row_position=&quot;middle&quot; scene_position=&quot;center&quot; text_color=&quot;dark&quot; text_align=&quot;left&quot; overlay_strength=&quot;0.3&quot; shape_divider_position=&quot;bottom&quot; bg_image_animation=&quot;none&quot;][vc_column column_padding=&quot;no-extra-padding&quot; column_padding_position=&quot;all&quot; background_color_opacity=&quot;1&quot; background_hover_color_opacity=&quot;1&quot; column_link_target=&quot;_self&quot; column_shadow=&quot;none&quot; column_border_radius=&quot;none&quot; width=&quot;1\/1&quot; tablet_width_inherit=&quot;default&quot; tablet_text_alignment=&quot;default&quot; phone_text_alignment=&quot;default&quot; column_border_width=&quot;none&quot; column_border_style=&quot;solid&quot; bg_image_animation=&quot;none&quot;][vc_column_text]    No podemos pon\u00e9rtelo m\u00e1s f\u00e1cil. Te presentamos una selecci\u00f3n de 3 vinos para que conozcas nuestra gama Baltasar. El pack incluye:   1 botella de nuestro Baltasar Graci\u00e1n Blanco &quot;El Discreto&quot;.  1 botella de nuestro Baltasar Graci\u00e1n Tinto &quot;El Pol\u00edtico&quot;.  1 botella de nuestro Baltasar Graci\u00e1n Vi\u00f1as Viejas &quot;El H\u00e9roe&quot;.  Abridor profesional Pulltex.  Tarjeta personalizada.  1 Estuche.  Portes incluidos.\" \/>\n<meta property=\"og:url\" content=\"https:\/\/www.san-alejandro.com\/en\/tienda\/vinos\/pack-baltasar\/\" \/>\n<meta property=\"og:site_name\" content=\"Bodegas San Alejandro\" \/>\n<meta property=\"article:modified_time\" content=\"2026-03-25T09:43:43+00:00\" \/>\n<meta property=\"og:image\" content=\"https:\/\/www.san-alejandro.com\/wp-content\/uploads\/2023\/12\/Pack-Baltasar-Web-2023.jpg\" \/>\n\t<meta property=\"og:image:width\" content=\"1080\" \/>\n\t<meta property=\"og:image:height\" content=\"1253\" \/>\n\t<meta property=\"og:image:type\" content=\"image\/jpeg\" \/>\n<meta name=\"twitter:card\" content=\"summary_large_image\" \/>\n<script type=\"application\/ld+json\" class=\"yoast-schema-graph\">{\"@context\":\"https:\/\/schema.org\",\"@graph\":[{\"@type\":\"WebPage\",\"@id\":\"https:\/\/www.san-alejandro.com\/en\/tienda\/vinos\/pack-baltasar\/\",\"url\":\"https:\/\/www.san-alejandro.com\/en\/tienda\/vinos\/pack-baltasar\/\",\"name\":\"Pack Baltasar - Bodegas San Alejandro\",\"isPartOf\":{\"@id\":\"https:\/\/www.san-alejandro.com\/en\/#website\"},\"primaryImageOfPage\":{\"@id\":\"https:\/\/www.san-alejandro.com\/en\/tienda\/vinos\/pack-baltasar\/#primaryimage\"},\"image\":{\"@id\":\"https:\/\/www.san-alejandro.com\/en\/tienda\/vinos\/pack-baltasar\/#primaryimage\"},\"thumbnailUrl\":\"https:\/\/www.san-alejandro.com\/wp-content\/uploads\/2023\/12\/Pack-Baltasar-Web-2023.jpg\",\"datePublished\":\"2023-12-05T15:56:25+00:00\",\"dateModified\":\"2026-03-25T09:43:43+00:00\",\"breadcrumb\":{\"@id\":\"https:\/\/www.san-alejandro.com\/en\/tienda\/vinos\/pack-baltasar\/#breadcrumb\"},\"inLanguage\":\"en-US\",\"potentialAction\":[{\"@type\":\"ReadAction\",\"target\":[\"https:\/\/www.san-alejandro.com\/en\/tienda\/vinos\/pack-baltasar\/\"]}]},{\"@type\":\"ImageObject\",\"inLanguage\":\"en-US\",\"@id\":\"https:\/\/www.san-alejandro.com\/en\/tienda\/vinos\/pack-baltasar\/#primaryimage\",\"url\":\"https:\/\/www.san-alejandro.com\/wp-content\/uploads\/2023\/12\/Pack-Baltasar-Web-2023.jpg\",\"contentUrl\":\"https:\/\/www.san-alejandro.com\/wp-content\/uploads\/2023\/12\/Pack-Baltasar-Web-2023.jpg\",\"width\":1080,\"height\":1253,\"caption\":\"Transparent cup of espresso on a wooden table\"},{\"@type\":\"BreadcrumbList\",\"@id\":\"https:\/\/www.san-alejandro.com\/en\/tienda\/vinos\/pack-baltasar\/#breadcrumb\",\"itemListElement\":[{\"@type\":\"ListItem\",\"position\":1,\"name\":\"Portada\",\"item\":\"https:\/\/www.san-alejandro.com\/en\/\"},{\"@type\":\"ListItem\",\"position\":2,\"name\":\"Productos tienda\",\"item\":\"https:\/\/www.san-alejandro.com\/productos-tienda\/\"},{\"@type\":\"ListItem\",\"position\":3,\"name\":\"Pack Baltasar\"}]},{\"@type\":\"WebSite\",\"@id\":\"https:\/\/www.san-alejandro.com\/en\/#website\",\"url\":\"https:\/\/www.san-alejandro.com\/en\/\",\"name\":\"Bodegas San Alejandro\",\"description\":\"Desde 1962 en Bodegas San Alejandro elaboramos vinos de garnacha reconocidos en todo el mundo, que inspiran y deleitan gracias a la naturaleza de nuestras vi\u00f1as\",\"potentialAction\":[{\"@type\":\"SearchAction\",\"target\":{\"@type\":\"EntryPoint\",\"urlTemplate\":\"https:\/\/www.san-alejandro.com\/en\/?s={search_term_string}\"},\"query-input\":{\"@type\":\"PropertyValueSpecification\",\"valueRequired\":true,\"valueName\":\"search_term_string\"}}],\"inLanguage\":\"en-US\"}]}<\/script>\n<!-- \/ Yoast SEO plugin. -->","yoast_head_json":{"title":"Pack Baltasar - Bodegas San Alejandro","robots":{"index":"index","follow":"follow","max-snippet":"max-snippet:-1","max-image-preview":"max-image-preview:large","max-video-preview":"max-video-preview:-1"},"canonical":"https:\/\/www.san-alejandro.com\/en\/tienda\/vinos\/pack-baltasar\/","og_locale":"en_US","og_type":"article","og_title":"Pack Baltasar - Bodegas San Alejandro","og_description":"[vc_row type=\"in_container\" full_screen_row_position=\"middle\" scene_position=\"center\" text_color=\"dark\" text_align=\"left\" overlay_strength=\"0.3\" shape_divider_position=\"bottom\" bg_image_animation=\"none\"][vc_column column_padding=\"no-extra-padding\" column_padding_position=\"all\" background_color_opacity=\"1\" background_hover_color_opacity=\"1\" column_link_target=\"_self\" column_shadow=\"none\" column_border_radius=\"none\" width=\"1\/1\" tablet_width_inherit=\"default\" tablet_text_alignment=\"default\" phone_text_alignment=\"default\" column_border_width=\"none\" column_border_style=\"solid\" bg_image_animation=\"none\"][vc_column_text]    No podemos pon\u00e9rtelo m\u00e1s f\u00e1cil. Te presentamos una selecci\u00f3n de 3 vinos para que conozcas nuestra gama Baltasar. El pack incluye:   1 botella de nuestro Baltasar Graci\u00e1n Blanco \"El Discreto\".  1 botella de nuestro Baltasar Graci\u00e1n Tinto \"El Pol\u00edtico\".  1 botella de nuestro Baltasar Graci\u00e1n Vi\u00f1as Viejas \"El H\u00e9roe\".  Abridor profesional Pulltex.  Tarjeta personalizada.  1 Estuche.  Portes incluidos.","og_url":"https:\/\/www.san-alejandro.com\/en\/tienda\/vinos\/pack-baltasar\/","og_site_name":"Bodegas San Alejandro","article_modified_time":"2026-03-25T09:43:43+00:00","og_image":[{"width":1080,"height":1253,"url":"https:\/\/www.san-alejandro.com\/wp-content\/uploads\/2023\/12\/Pack-Baltasar-Web-2023.jpg","type":"image\/jpeg"}],"twitter_card":"summary_large_image","schema":{"@context":"https:\/\/schema.org","@graph":[{"@type":"WebPage","@id":"https:\/\/www.san-alejandro.com\/en\/tienda\/vinos\/pack-baltasar\/","url":"https:\/\/www.san-alejandro.com\/en\/tienda\/vinos\/pack-baltasar\/","name":"Pack Baltasar - Bodegas San Alejandro","isPartOf":{"@id":"https:\/\/www.san-alejandro.com\/en\/#website"},"primaryImageOfPage":{"@id":"https:\/\/www.san-alejandro.com\/en\/tienda\/vinos\/pack-baltasar\/#primaryimage"},"image":{"@id":"https:\/\/www.san-alejandro.com\/en\/tienda\/vinos\/pack-baltasar\/#primaryimage"},"thumbnailUrl":"https:\/\/www.san-alejandro.com\/wp-content\/uploads\/2023\/12\/Pack-Baltasar-Web-2023.jpg","datePublished":"2023-12-05T15:56:25+00:00","dateModified":"2026-03-25T09:43:43+00:00","breadcrumb":{"@id":"https:\/\/www.san-alejandro.com\/en\/tienda\/vinos\/pack-baltasar\/#breadcrumb"},"inLanguage":"en-US","potentialAction":[{"@type":"ReadAction","target":["https:\/\/www.san-alejandro.com\/en\/tienda\/vinos\/pack-baltasar\/"]}]},{"@type":"ImageObject","inLanguage":"en-US","@id":"https:\/\/www.san-alejandro.com\/en\/tienda\/vinos\/pack-baltasar\/#primaryimage","url":"https:\/\/www.san-alejandro.com\/wp-content\/uploads\/2023\/12\/Pack-Baltasar-Web-2023.jpg","contentUrl":"https:\/\/www.san-alejandro.com\/wp-content\/uploads\/2023\/12\/Pack-Baltasar-Web-2023.jpg","width":1080,"height":1253,"caption":"Transparent cup of espresso on a wooden table"},{"@type":"BreadcrumbList","@id":"https:\/\/www.san-alejandro.com\/en\/tienda\/vinos\/pack-baltasar\/#breadcrumb","itemListElement":[{"@type":"ListItem","position":1,"name":"Portada","item":"https:\/\/www.san-alejandro.com\/en\/"},{"@type":"ListItem","position":2,"name":"Productos tienda","item":"https:\/\/www.san-alejandro.com\/productos-tienda\/"},{"@type":"ListItem","position":3,"name":"Pack Baltasar"}]},{"@type":"WebSite","@id":"https:\/\/www.san-alejandro.com\/en\/#website","url":"https:\/\/www.san-alejandro.com\/en\/","name":"Bodegas San Alejandro","description":"Desde 1962 en Bodegas San Alejandro elaboramos vinos de garnacha reconocidos en todo el mundo, que inspiran y deleitan gracias a la naturaleza de nuestras vi\u00f1as","potentialAction":[{"@type":"SearchAction","target":{"@type":"EntryPoint","urlTemplate":"https:\/\/www.san-alejandro.com\/en\/?s={search_term_string}"},"query-input":{"@type":"PropertyValueSpecification","valueRequired":true,"valueName":"search_term_string"}}],"inLanguage":"en-US"}]}},"_links":{"self":[{"href":"https:\/\/www.san-alejandro.com\/en\/wp-json\/wp\/v2\/product\/17078","targetHints":{"allow":["GET"]}}],"collection":[{"href":"https:\/\/www.san-alejandro.com\/en\/wp-json\/wp\/v2\/product"}],"about":[{"href":"https:\/\/www.san-alejandro.com\/en\/wp-json\/wp\/v2\/types\/product"}],"replies":[{"embeddable":true,"href":"https:\/\/www.san-alejandro.com\/en\/wp-json\/wp\/v2\/comments?post=17078"}],"wp:featuredmedia":[{"embeddable":true,"href":"https:\/\/www.san-alejandro.com\/en\/wp-json\/wp\/v2\/media\/17093"}],"wp:attachment":[{"href":"https:\/\/www.san-alejandro.com\/en\/wp-json\/wp\/v2\/media?parent=17078"}],"wp:term":[{"taxonomy":"product_cat","embeddable":true,"href":"https:\/\/www.san-alejandro.com\/en\/wp-json\/wp\/v2\/product_cat?post=17078"},{"taxonomy":"product_tag","embeddable":true,"href":"https:\/\/www.san-alejandro.com\/en\/wp-json\/wp\/v2\/product_tag?post=17078"}],"curies":[{"name":"wp","href":"https:\/\/api.w.org\/{rel}","templated":true}]}}