{"id":18780,"date":"2025-07-15T09:55:03","date_gmt":"2025-07-15T07:55:03","guid":{"rendered":"https:\/\/www.san-alejandro.com\/?post_type=product&#038;p=18780"},"modified":"2026-03-25T10:43:19","modified_gmt":"2026-03-25T09:43:19","slug":"my-perfect-match-oferta-de-lanzamiento","status":"publish","type":"product","link":"https:\/\/www.san-alejandro.com\/en\/tienda\/vinos\/my-perfect-match-oferta-de-lanzamiento\/","title":{"rendered":"My Perfect Match &#8211; Pack de lanzamiento"},"content":{"rendered":"","protected":false},"excerpt":{"rendered":"<h3 data-start=\"1029\" data-end=\"1068\">\ud83d\udca5 Pack vinos My Perfect Match \ud83d\udca5<\/h3>\n<p data-start=\"1069\" data-end=\"1299\">El<strong data-start=\"1069\" data-end=\"1103\"> pack vinos My Perfect Match<\/strong> ya est\u00e1 disponible en nuestra tienda online. Una oferta de lanzamiento, con una selecci\u00f3n de 6 botellas pensada para que descubras tus nuevos vinos favoritos. Tres estilos diferentes, env\u00edo incluido y mucho rollo en cada copa.<\/p>\n<p data-start=\"471\" data-end=\"695\">\u00bfBuscas el vino perfecto para cada plan? \u00bfEse que encaja contigo como tu serie favorita o ese viaje que siempre recuerdas? Pues lo tenemos:<br data-start=\"610\" data-end=\"613\" \/>\ud83c\udf77 Frescos, sabrosos, con personalidad y con muchas ganas de ser tu mejor match.<\/p>\n<p data-start=\"697\" data-end=\"808\">Y para que pod\u00e1is conoceros bien desde el principio, hemos preparado un <strong data-start=\"769\" data-end=\"792\">pack de lanzamiento<\/strong> irresistible:<\/p>\n<p data-start=\"810\" data-end=\"833\">\u2728 \u00bfQu\u00e9 incluye el pack?<\/p>\n<p data-start=\"835\" data-end=\"1113\">\u2705 2 botellas de <a href=\"https:\/\/www.san-alejandro.com\/tienda\/vinos\/my-perfect-match-gluglured\/\"><strong data-start=\"851\" data-end=\"865\">MPM GluGlu<\/strong><\/a> \u2013 Puro disfrute. Alegre, jugoso y muy f\u00e1cil de beber.<br data-start=\"919\" data-end=\"922\" \/>\u2705 2 botellas de <a href=\"https:\/\/www.san-alejandro.com\/tienda\/vinos\/my-perfect-match-organic\/\"><strong data-start=\"938\" data-end=\"953\">MPM Organic<\/strong><\/a> \u2013 Natural, ecol\u00f3gico y con buen rollo desde la primera copa.<br data-start=\"1014\" data-end=\"1017\" \/>\u2705 2 botellas de <a href=\"https:\/\/www.san-alejandro.com\/tienda\/vinos\/my-perfect-match-no-sulfites\/\"><strong data-start=\"1033\" data-end=\"1051\">MPM NoSuflites<\/strong><\/a> \u2013 Sin sulfitos a\u00f1adidos. Transparente, aut\u00e9ntico y directo.<\/p>\n<p data-start=\"1115\" data-end=\"1240\">\ud83d\udce6 Env\u00edo incluido \u2013 Sin complicaciones. Directo a tu casa.<\/p>\n<p data-start=\"1242\" data-end=\"1358\">Haz match con tus nuevos vinos favoritos y disfruta del flechazo \ud83c\udf77\u2764\ufe0f<\/p>\n","protected":false},"featured_media":18781,"comment_status":"closed","ping_status":"closed","template":"","meta":{"_acf_changed":false},"product_cat":[15,138],"product_tag":[],"class_list":{"0":"post-18780","1":"product","2":"type-product","3":"status-publish","4":"has-post-thumbnail","6":"product_cat-vinos","7":"product_cat-packs","8":"product_shipping_class-envio-gratuito","10":"first","11":"instock","12":"taxable","13":"shipping-taxable","14":"purchasable","15":"product-type-simple"},"acf":[],"yoast_head":"<!-- This site is optimized with the Yoast SEO plugin v24.0 - https:\/\/yoast.com\/wordpress\/plugins\/seo\/ -->\n<title>My Perfect Match - Pack de lanzamiento - Bodegas San Alejandro<\/title>\n<meta name=\"description\" content=\"Descubre el pack lanzamiento vinos My Perfect Match: 6 botellas, 3 estilos y env\u00edo incluido. Frescos, diferentes y listos para enamorarte.\" \/>\n<meta name=\"robots\" content=\"index, follow, max-snippet:-1, max-image-preview:large, max-video-preview:-1\" \/>\n<link rel=\"canonical\" href=\"https:\/\/www.san-alejandro.com\/en\/tienda\/vinos\/my-perfect-match-oferta-de-lanzamiento\/\" \/>\n<meta property=\"og:locale\" content=\"en_US\" \/>\n<meta property=\"og:type\" content=\"article\" \/>\n<meta property=\"og:title\" content=\"My Perfect Match - Pack de lanzamiento - Bodegas San Alejandro\" \/>\n<meta property=\"og:description\" content=\"Descubre el pack lanzamiento vinos My Perfect Match: 6 botellas, 3 estilos y env\u00edo incluido. Frescos, diferentes y listos para enamorarte.\" \/>\n<meta property=\"og:url\" content=\"https:\/\/www.san-alejandro.com\/en\/tienda\/vinos\/my-perfect-match-oferta-de-lanzamiento\/\" \/>\n<meta property=\"og:site_name\" content=\"Bodegas San Alejandro\" \/>\n<meta property=\"article:modified_time\" content=\"2026-03-25T09:43:19+00:00\" \/>\n<meta property=\"og:image\" content=\"https:\/\/www.san-alejandro.com\/wp-content\/uploads\/2025\/07\/Pack-Lanzamiento-MPM.jpg\" \/>\n\t<meta property=\"og:image:width\" content=\"931\" \/>\n\t<meta property=\"og:image:height\" content=\"1080\" \/>\n\t<meta property=\"og:image:type\" content=\"image\/jpeg\" \/>\n<meta name=\"twitter:card\" content=\"summary_large_image\" \/>\n<meta name=\"twitter:label1\" content=\"Est. reading time\" \/>\n\t<meta name=\"twitter:data1\" content=\"1 minute\" \/>\n<script type=\"application\/ld+json\" class=\"yoast-schema-graph\">{\"@context\":\"https:\/\/schema.org\",\"@graph\":[{\"@type\":\"WebPage\",\"@id\":\"https:\/\/www.san-alejandro.com\/en\/tienda\/vinos\/my-perfect-match-oferta-de-lanzamiento\/\",\"url\":\"https:\/\/www.san-alejandro.com\/en\/tienda\/vinos\/my-perfect-match-oferta-de-lanzamiento\/\",\"name\":\"My Perfect Match - Pack de lanzamiento - Bodegas San Alejandro\",\"isPartOf\":{\"@id\":\"https:\/\/www.san-alejandro.com\/en\/#website\"},\"primaryImageOfPage\":{\"@id\":\"https:\/\/www.san-alejandro.com\/en\/tienda\/vinos\/my-perfect-match-oferta-de-lanzamiento\/#primaryimage\"},\"image\":{\"@id\":\"https:\/\/www.san-alejandro.com\/en\/tienda\/vinos\/my-perfect-match-oferta-de-lanzamiento\/#primaryimage\"},\"thumbnailUrl\":\"https:\/\/www.san-alejandro.com\/wp-content\/uploads\/2025\/07\/Pack-Lanzamiento-MPM.jpg\",\"datePublished\":\"2025-07-15T07:55:03+00:00\",\"dateModified\":\"2026-03-25T09:43:19+00:00\",\"description\":\"Descubre el pack lanzamiento vinos My Perfect Match: 6 botellas, 3 estilos y env\u00edo incluido. Frescos, diferentes y listos para enamorarte.\",\"breadcrumb\":{\"@id\":\"https:\/\/www.san-alejandro.com\/en\/tienda\/vinos\/my-perfect-match-oferta-de-lanzamiento\/#breadcrumb\"},\"inLanguage\":\"en-US\",\"potentialAction\":[{\"@type\":\"ReadAction\",\"target\":[\"https:\/\/www.san-alejandro.com\/en\/tienda\/vinos\/my-perfect-match-oferta-de-lanzamiento\/\"]}]},{\"@type\":\"ImageObject\",\"inLanguage\":\"en-US\",\"@id\":\"https:\/\/www.san-alejandro.com\/en\/tienda\/vinos\/my-perfect-match-oferta-de-lanzamiento\/#primaryimage\",\"url\":\"https:\/\/www.san-alejandro.com\/wp-content\/uploads\/2025\/07\/Pack-Lanzamiento-MPM.jpg\",\"contentUrl\":\"https:\/\/www.san-alejandro.com\/wp-content\/uploads\/2025\/07\/Pack-Lanzamiento-MPM.jpg\",\"width\":931,\"height\":1080,\"caption\":\"Pack de lanzamiento con 6 botellas: GluGlu, Organic y NoSuflites. Haz match con tus vinos perfectos\"},{\"@type\":\"BreadcrumbList\",\"@id\":\"https:\/\/www.san-alejandro.com\/en\/tienda\/vinos\/my-perfect-match-oferta-de-lanzamiento\/#breadcrumb\",\"itemListElement\":[{\"@type\":\"ListItem\",\"position\":1,\"name\":\"Portada\",\"item\":\"https:\/\/www.san-alejandro.com\/en\/\"},{\"@type\":\"ListItem\",\"position\":2,\"name\":\"Productos tienda\",\"item\":\"https:\/\/www.san-alejandro.com\/productos-tienda\/\"},{\"@type\":\"ListItem\",\"position\":3,\"name\":\"My Perfect Match &#8211; Pack de lanzamiento\"}]},{\"@type\":\"WebSite\",\"@id\":\"https:\/\/www.san-alejandro.com\/en\/#website\",\"url\":\"https:\/\/www.san-alejandro.com\/en\/\",\"name\":\"Bodegas San Alejandro\",\"description\":\"Desde 1962 en Bodegas San Alejandro elaboramos vinos de garnacha reconocidos en todo el mundo, que inspiran y deleitan gracias a la naturaleza de nuestras vi\u00f1as\",\"potentialAction\":[{\"@type\":\"SearchAction\",\"target\":{\"@type\":\"EntryPoint\",\"urlTemplate\":\"https:\/\/www.san-alejandro.com\/en\/?s={search_term_string}\"},\"query-input\":{\"@type\":\"PropertyValueSpecification\",\"valueRequired\":true,\"valueName\":\"search_term_string\"}}],\"inLanguage\":\"en-US\"}]}<\/script>\n<!-- \/ Yoast SEO plugin. -->","yoast_head_json":{"title":"My Perfect Match - Pack de lanzamiento - Bodegas San Alejandro","description":"Descubre el pack lanzamiento vinos My Perfect Match: 6 botellas, 3 estilos y env\u00edo incluido. Frescos, diferentes y listos para enamorarte.","robots":{"index":"index","follow":"follow","max-snippet":"max-snippet:-1","max-image-preview":"max-image-preview:large","max-video-preview":"max-video-preview:-1"},"canonical":"https:\/\/www.san-alejandro.com\/en\/tienda\/vinos\/my-perfect-match-oferta-de-lanzamiento\/","og_locale":"en_US","og_type":"article","og_title":"My Perfect Match - Pack de lanzamiento - Bodegas San Alejandro","og_description":"Descubre el pack lanzamiento vinos My Perfect Match: 6 botellas, 3 estilos y env\u00edo incluido. Frescos, diferentes y listos para enamorarte.","og_url":"https:\/\/www.san-alejandro.com\/en\/tienda\/vinos\/my-perfect-match-oferta-de-lanzamiento\/","og_site_name":"Bodegas San Alejandro","article_modified_time":"2026-03-25T09:43:19+00:00","og_image":[{"width":931,"height":1080,"url":"https:\/\/www.san-alejandro.com\/wp-content\/uploads\/2025\/07\/Pack-Lanzamiento-MPM.jpg","type":"image\/jpeg"}],"twitter_card":"summary_large_image","twitter_misc":{"Est. reading time":"1 minute"},"schema":{"@context":"https:\/\/schema.org","@graph":[{"@type":"WebPage","@id":"https:\/\/www.san-alejandro.com\/en\/tienda\/vinos\/my-perfect-match-oferta-de-lanzamiento\/","url":"https:\/\/www.san-alejandro.com\/en\/tienda\/vinos\/my-perfect-match-oferta-de-lanzamiento\/","name":"My Perfect Match - Pack de lanzamiento - Bodegas San Alejandro","isPartOf":{"@id":"https:\/\/www.san-alejandro.com\/en\/#website"},"primaryImageOfPage":{"@id":"https:\/\/www.san-alejandro.com\/en\/tienda\/vinos\/my-perfect-match-oferta-de-lanzamiento\/#primaryimage"},"image":{"@id":"https:\/\/www.san-alejandro.com\/en\/tienda\/vinos\/my-perfect-match-oferta-de-lanzamiento\/#primaryimage"},"thumbnailUrl":"https:\/\/www.san-alejandro.com\/wp-content\/uploads\/2025\/07\/Pack-Lanzamiento-MPM.jpg","datePublished":"2025-07-15T07:55:03+00:00","dateModified":"2026-03-25T09:43:19+00:00","description":"Descubre el pack lanzamiento vinos My Perfect Match: 6 botellas, 3 estilos y env\u00edo incluido. Frescos, diferentes y listos para enamorarte.","breadcrumb":{"@id":"https:\/\/www.san-alejandro.com\/en\/tienda\/vinos\/my-perfect-match-oferta-de-lanzamiento\/#breadcrumb"},"inLanguage":"en-US","potentialAction":[{"@type":"ReadAction","target":["https:\/\/www.san-alejandro.com\/en\/tienda\/vinos\/my-perfect-match-oferta-de-lanzamiento\/"]}]},{"@type":"ImageObject","inLanguage":"en-US","@id":"https:\/\/www.san-alejandro.com\/en\/tienda\/vinos\/my-perfect-match-oferta-de-lanzamiento\/#primaryimage","url":"https:\/\/www.san-alejandro.com\/wp-content\/uploads\/2025\/07\/Pack-Lanzamiento-MPM.jpg","contentUrl":"https:\/\/www.san-alejandro.com\/wp-content\/uploads\/2025\/07\/Pack-Lanzamiento-MPM.jpg","width":931,"height":1080,"caption":"Pack de lanzamiento con 6 botellas: GluGlu, Organic y NoSuflites. Haz match con tus vinos perfectos"},{"@type":"BreadcrumbList","@id":"https:\/\/www.san-alejandro.com\/en\/tienda\/vinos\/my-perfect-match-oferta-de-lanzamiento\/#breadcrumb","itemListElement":[{"@type":"ListItem","position":1,"name":"Portada","item":"https:\/\/www.san-alejandro.com\/en\/"},{"@type":"ListItem","position":2,"name":"Productos tienda","item":"https:\/\/www.san-alejandro.com\/productos-tienda\/"},{"@type":"ListItem","position":3,"name":"My Perfect Match &#8211; Pack de lanzamiento"}]},{"@type":"WebSite","@id":"https:\/\/www.san-alejandro.com\/en\/#website","url":"https:\/\/www.san-alejandro.com\/en\/","name":"Bodegas San Alejandro","description":"Desde 1962 en Bodegas San Alejandro elaboramos vinos de garnacha reconocidos en todo el mundo, que inspiran y deleitan gracias a la naturaleza de nuestras vi\u00f1as","potentialAction":[{"@type":"SearchAction","target":{"@type":"EntryPoint","urlTemplate":"https:\/\/www.san-alejandro.com\/en\/?s={search_term_string}"},"query-input":{"@type":"PropertyValueSpecification","valueRequired":true,"valueName":"search_term_string"}}],"inLanguage":"en-US"}]}},"_links":{"self":[{"href":"https:\/\/www.san-alejandro.com\/en\/wp-json\/wp\/v2\/product\/18780","targetHints":{"allow":["GET"]}}],"collection":[{"href":"https:\/\/www.san-alejandro.com\/en\/wp-json\/wp\/v2\/product"}],"about":[{"href":"https:\/\/www.san-alejandro.com\/en\/wp-json\/wp\/v2\/types\/product"}],"replies":[{"embeddable":true,"href":"https:\/\/www.san-alejandro.com\/en\/wp-json\/wp\/v2\/comments?post=18780"}],"wp:featuredmedia":[{"embeddable":true,"href":"https:\/\/www.san-alejandro.com\/en\/wp-json\/wp\/v2\/media\/18781"}],"wp:attachment":[{"href":"https:\/\/www.san-alejandro.com\/en\/wp-json\/wp\/v2\/media?parent=18780"}],"wp:term":[{"taxonomy":"product_cat","embeddable":true,"href":"https:\/\/www.san-alejandro.com\/en\/wp-json\/wp\/v2\/product_cat?post=18780"},{"taxonomy":"product_tag","embeddable":true,"href":"https:\/\/www.san-alejandro.com\/en\/wp-json\/wp\/v2\/product_tag?post=18780"}],"curies":[{"name":"wp","href":"https:\/\/api.w.org\/{rel}","templated":true}]}}