{"id":19969,"date":"2026-04-13T13:37:47","date_gmt":"2026-04-13T11:37:47","guid":{"rendered":"https:\/\/www.san-alejandro.com\/?post_type=product&#038;p=19969"},"modified":"2026-04-13T13:44:29","modified_gmt":"2026-04-13T11:44:29","slug":"baltasar-gracian-vinas-viejas-50cl","status":"publish","type":"product","link":"https:\/\/www.san-alejandro.com\/en\/tienda\/baltasar-gracian\/baltasar-gracian-vinas-viejas-50cl\/","title":{"rendered":"Baltasar Graci\u00e1n Vi\u00f1as Viejas 50cl"},"content":{"rendered":"","protected":false},"excerpt":{"rendered":"<h3>Informaci\u00f3n<\/h3>\n<p>A\u00f1ada: 2024<br \/>\nFormato peque\u00f1o: 50 cl.<br \/>\nVariedad: Garnacha.<br \/>\nDenominaci\u00f3n de Origen Calatayud<\/p>\n<p data-start=\"79\" data-end=\"169\"><strong data-start=\"132\" data-end=\"169\">El formato perfecto para celebrar.<\/strong><\/p>\n<p data-start=\"171\" data-end=\"254\">El mismo vino de siempre, ahora en formato 50 cl pensado para ocasiones especiales.<\/p>\n<p data-start=\"256\" data-end=\"444\">Baltasar Graci\u00e1n Vi\u00f1as Viejas nace de Garnacha de m\u00e1s de 60 a\u00f1os en la Sierra Santa Cruz (D.O. Calatayud), con 12 meses de crianza en foudres franceses que aportan complejidad y elegancia.<\/p>\n<p data-start=\"446\" data-end=\"590\">Este formato es<strong> ideal como obsequio para tu celebraci\u00f3n<\/strong>: un detalle cuidado, original y con personalidad propia para brindar en momentos \u00fanicos.<\/p>\n<p data-start=\"592\" data-end=\"648\" data-is-last-node=\"\" data-is-only-node=\"\">\n","protected":false},"featured_media":19970,"comment_status":"closed","ping_status":"closed","template":"","meta":{"_acf_changed":false},"product_cat":[137],"product_tag":[],"class_list":{"0":"post-19969","1":"product","2":"type-product","3":"status-publish","4":"has-post-thumbnail","6":"product_cat-baltasar-gracian","8":"first","9":"instock","10":"taxable","11":"shipping-taxable","12":"purchasable","13":"product-type-simple"},"acf":[],"yoast_head":"<!-- This site is optimized with the Yoast SEO plugin v24.0 - https:\/\/yoast.com\/wordpress\/plugins\/seo\/ -->\n<title>Baltasar Graci\u00e1n Vi\u00f1as Viejas 50cl - Bodegas San Alejandro<\/title>\n<meta name=\"robots\" content=\"index, follow, max-snippet:-1, max-image-preview:large, max-video-preview:-1\" \/>\n<link rel=\"canonical\" href=\"https:\/\/www.san-alejandro.com\/en\/tienda\/baltasar-gracian\/baltasar-gracian-vinas-viejas-50cl\/\" \/>\n<meta property=\"og:locale\" content=\"en_US\" \/>\n<meta property=\"og:type\" content=\"article\" \/>\n<meta property=\"og:title\" content=\"Baltasar Graci\u00e1n Vi\u00f1as Viejas 50cl - Bodegas San Alejandro\" \/>\n<meta property=\"og:description\" content=\"Informaci\u00f3n A\u00f1ada: 2024 Formato peque\u00f1o: 50 cl. Variedad: Garnacha. Denominaci\u00f3n de Origen Calatayud El formato perfecto para celebrar. El mismo vino de siempre, ahora en formato 50 cl pensado para ocasiones especiales. Baltasar Graci\u00e1n Vi\u00f1as Viejas nace de Garnacha de m\u00e1s de 60 a\u00f1os en la Sierra Santa Cruz (D.O. Calatayud), con 12 meses de crianza en foudres franceses que aportan complejidad y elegancia. Este formato es ideal como obsequio para tu celebraci\u00f3n: un detalle cuidado, original y con personalidad propia para brindar en momentos \u00fanicos.\" \/>\n<meta property=\"og:url\" content=\"https:\/\/www.san-alejandro.com\/en\/tienda\/baltasar-gracian\/baltasar-gracian-vinas-viejas-50cl\/\" \/>\n<meta property=\"og:site_name\" content=\"Bodegas San Alejandro\" \/>\n<meta property=\"article:modified_time\" content=\"2026-04-13T11:44:29+00:00\" \/>\n<meta property=\"og:image\" content=\"https:\/\/www.san-alejandro.com\/wp-content\/uploads\/2026\/04\/Baltasar-Gracian-Garnacha-Vinas-Viejas-50cl.jpg\" \/>\n\t<meta property=\"og:image:width\" content=\"960\" \/>\n\t<meta property=\"og:image:height\" content=\"1500\" \/>\n\t<meta property=\"og:image:type\" content=\"image\/jpeg\" \/>\n<meta name=\"twitter:card\" content=\"summary_large_image\" \/>\n<meta name=\"twitter:label1\" content=\"Est. reading time\" \/>\n\t<meta name=\"twitter:data1\" content=\"1 minute\" \/>\n<script type=\"application\/ld+json\" class=\"yoast-schema-graph\">{\"@context\":\"https:\/\/schema.org\",\"@graph\":[{\"@type\":\"WebPage\",\"@id\":\"https:\/\/www.san-alejandro.com\/en\/tienda\/baltasar-gracian\/baltasar-gracian-vinas-viejas-50cl\/\",\"url\":\"https:\/\/www.san-alejandro.com\/en\/tienda\/baltasar-gracian\/baltasar-gracian-vinas-viejas-50cl\/\",\"name\":\"Baltasar Graci\u00e1n Vi\u00f1as Viejas 50cl - Bodegas San Alejandro\",\"isPartOf\":{\"@id\":\"https:\/\/www.san-alejandro.com\/en\/#website\"},\"primaryImageOfPage\":{\"@id\":\"https:\/\/www.san-alejandro.com\/en\/tienda\/baltasar-gracian\/baltasar-gracian-vinas-viejas-50cl\/#primaryimage\"},\"image\":{\"@id\":\"https:\/\/www.san-alejandro.com\/en\/tienda\/baltasar-gracian\/baltasar-gracian-vinas-viejas-50cl\/#primaryimage\"},\"thumbnailUrl\":\"https:\/\/www.san-alejandro.com\/wp-content\/uploads\/2026\/04\/Baltasar-Gracian-Garnacha-Vinas-Viejas-50cl.jpg\",\"datePublished\":\"2026-04-13T11:37:47+00:00\",\"dateModified\":\"2026-04-13T11:44:29+00:00\",\"breadcrumb\":{\"@id\":\"https:\/\/www.san-alejandro.com\/en\/tienda\/baltasar-gracian\/baltasar-gracian-vinas-viejas-50cl\/#breadcrumb\"},\"inLanguage\":\"en-US\",\"potentialAction\":[{\"@type\":\"ReadAction\",\"target\":[\"https:\/\/www.san-alejandro.com\/en\/tienda\/baltasar-gracian\/baltasar-gracian-vinas-viejas-50cl\/\"]}]},{\"@type\":\"ImageObject\",\"inLanguage\":\"en-US\",\"@id\":\"https:\/\/www.san-alejandro.com\/en\/tienda\/baltasar-gracian\/baltasar-gracian-vinas-viejas-50cl\/#primaryimage\",\"url\":\"https:\/\/www.san-alejandro.com\/wp-content\/uploads\/2026\/04\/Baltasar-Gracian-Garnacha-Vinas-Viejas-50cl.jpg\",\"contentUrl\":\"https:\/\/www.san-alejandro.com\/wp-content\/uploads\/2026\/04\/Baltasar-Gracian-Garnacha-Vinas-Viejas-50cl.jpg\",\"width\":960,\"height\":1500},{\"@type\":\"BreadcrumbList\",\"@id\":\"https:\/\/www.san-alejandro.com\/en\/tienda\/baltasar-gracian\/baltasar-gracian-vinas-viejas-50cl\/#breadcrumb\",\"itemListElement\":[{\"@type\":\"ListItem\",\"position\":1,\"name\":\"Portada\",\"item\":\"https:\/\/www.san-alejandro.com\/en\/\"},{\"@type\":\"ListItem\",\"position\":2,\"name\":\"Productos tienda\",\"item\":\"https:\/\/www.san-alejandro.com\/productos-tienda\/\"},{\"@type\":\"ListItem\",\"position\":3,\"name\":\"Baltasar Graci\u00e1n Vi\u00f1as Viejas 50cl\"}]},{\"@type\":\"WebSite\",\"@id\":\"https:\/\/www.san-alejandro.com\/en\/#website\",\"url\":\"https:\/\/www.san-alejandro.com\/en\/\",\"name\":\"Bodegas San Alejandro\",\"description\":\"Desde 1962 en Bodegas San Alejandro elaboramos vinos de garnacha reconocidos en todo el mundo, que inspiran y deleitan gracias a la naturaleza de nuestras vi\u00f1as\",\"potentialAction\":[{\"@type\":\"SearchAction\",\"target\":{\"@type\":\"EntryPoint\",\"urlTemplate\":\"https:\/\/www.san-alejandro.com\/en\/?s={search_term_string}\"},\"query-input\":{\"@type\":\"PropertyValueSpecification\",\"valueRequired\":true,\"valueName\":\"search_term_string\"}}],\"inLanguage\":\"en-US\"}]}<\/script>\n<!-- \/ Yoast SEO plugin. -->","yoast_head_json":{"title":"Baltasar Graci\u00e1n Vi\u00f1as Viejas 50cl - Bodegas San Alejandro","robots":{"index":"index","follow":"follow","max-snippet":"max-snippet:-1","max-image-preview":"max-image-preview:large","max-video-preview":"max-video-preview:-1"},"canonical":"https:\/\/www.san-alejandro.com\/en\/tienda\/baltasar-gracian\/baltasar-gracian-vinas-viejas-50cl\/","og_locale":"en_US","og_type":"article","og_title":"Baltasar Graci\u00e1n Vi\u00f1as Viejas 50cl - Bodegas San Alejandro","og_description":"Informaci\u00f3n A\u00f1ada: 2024 Formato peque\u00f1o: 50 cl. Variedad: Garnacha. Denominaci\u00f3n de Origen Calatayud El formato perfecto para celebrar. El mismo vino de siempre, ahora en formato 50 cl pensado para ocasiones especiales. Baltasar Graci\u00e1n Vi\u00f1as Viejas nace de Garnacha de m\u00e1s de 60 a\u00f1os en la Sierra Santa Cruz (D.O. Calatayud), con 12 meses de crianza en foudres franceses que aportan complejidad y elegancia. Este formato es ideal como obsequio para tu celebraci\u00f3n: un detalle cuidado, original y con personalidad propia para brindar en momentos \u00fanicos.","og_url":"https:\/\/www.san-alejandro.com\/en\/tienda\/baltasar-gracian\/baltasar-gracian-vinas-viejas-50cl\/","og_site_name":"Bodegas San Alejandro","article_modified_time":"2026-04-13T11:44:29+00:00","og_image":[{"width":960,"height":1500,"url":"https:\/\/www.san-alejandro.com\/wp-content\/uploads\/2026\/04\/Baltasar-Gracian-Garnacha-Vinas-Viejas-50cl.jpg","type":"image\/jpeg"}],"twitter_card":"summary_large_image","twitter_misc":{"Est. reading time":"1 minute"},"schema":{"@context":"https:\/\/schema.org","@graph":[{"@type":"WebPage","@id":"https:\/\/www.san-alejandro.com\/en\/tienda\/baltasar-gracian\/baltasar-gracian-vinas-viejas-50cl\/","url":"https:\/\/www.san-alejandro.com\/en\/tienda\/baltasar-gracian\/baltasar-gracian-vinas-viejas-50cl\/","name":"Baltasar Graci\u00e1n Vi\u00f1as Viejas 50cl - Bodegas San Alejandro","isPartOf":{"@id":"https:\/\/www.san-alejandro.com\/en\/#website"},"primaryImageOfPage":{"@id":"https:\/\/www.san-alejandro.com\/en\/tienda\/baltasar-gracian\/baltasar-gracian-vinas-viejas-50cl\/#primaryimage"},"image":{"@id":"https:\/\/www.san-alejandro.com\/en\/tienda\/baltasar-gracian\/baltasar-gracian-vinas-viejas-50cl\/#primaryimage"},"thumbnailUrl":"https:\/\/www.san-alejandro.com\/wp-content\/uploads\/2026\/04\/Baltasar-Gracian-Garnacha-Vinas-Viejas-50cl.jpg","datePublished":"2026-04-13T11:37:47+00:00","dateModified":"2026-04-13T11:44:29+00:00","breadcrumb":{"@id":"https:\/\/www.san-alejandro.com\/en\/tienda\/baltasar-gracian\/baltasar-gracian-vinas-viejas-50cl\/#breadcrumb"},"inLanguage":"en-US","potentialAction":[{"@type":"ReadAction","target":["https:\/\/www.san-alejandro.com\/en\/tienda\/baltasar-gracian\/baltasar-gracian-vinas-viejas-50cl\/"]}]},{"@type":"ImageObject","inLanguage":"en-US","@id":"https:\/\/www.san-alejandro.com\/en\/tienda\/baltasar-gracian\/baltasar-gracian-vinas-viejas-50cl\/#primaryimage","url":"https:\/\/www.san-alejandro.com\/wp-content\/uploads\/2026\/04\/Baltasar-Gracian-Garnacha-Vinas-Viejas-50cl.jpg","contentUrl":"https:\/\/www.san-alejandro.com\/wp-content\/uploads\/2026\/04\/Baltasar-Gracian-Garnacha-Vinas-Viejas-50cl.jpg","width":960,"height":1500},{"@type":"BreadcrumbList","@id":"https:\/\/www.san-alejandro.com\/en\/tienda\/baltasar-gracian\/baltasar-gracian-vinas-viejas-50cl\/#breadcrumb","itemListElement":[{"@type":"ListItem","position":1,"name":"Portada","item":"https:\/\/www.san-alejandro.com\/en\/"},{"@type":"ListItem","position":2,"name":"Productos tienda","item":"https:\/\/www.san-alejandro.com\/productos-tienda\/"},{"@type":"ListItem","position":3,"name":"Baltasar Graci\u00e1n Vi\u00f1as Viejas 50cl"}]},{"@type":"WebSite","@id":"https:\/\/www.san-alejandro.com\/en\/#website","url":"https:\/\/www.san-alejandro.com\/en\/","name":"Bodegas San Alejandro","description":"Desde 1962 en Bodegas San Alejandro elaboramos vinos de garnacha reconocidos en todo el mundo, que inspiran y deleitan gracias a la naturaleza de nuestras vi\u00f1as","potentialAction":[{"@type":"SearchAction","target":{"@type":"EntryPoint","urlTemplate":"https:\/\/www.san-alejandro.com\/en\/?s={search_term_string}"},"query-input":{"@type":"PropertyValueSpecification","valueRequired":true,"valueName":"search_term_string"}}],"inLanguage":"en-US"}]}},"_links":{"self":[{"href":"https:\/\/www.san-alejandro.com\/en\/wp-json\/wp\/v2\/product\/19969","targetHints":{"allow":["GET"]}}],"collection":[{"href":"https:\/\/www.san-alejandro.com\/en\/wp-json\/wp\/v2\/product"}],"about":[{"href":"https:\/\/www.san-alejandro.com\/en\/wp-json\/wp\/v2\/types\/product"}],"replies":[{"embeddable":true,"href":"https:\/\/www.san-alejandro.com\/en\/wp-json\/wp\/v2\/comments?post=19969"}],"wp:featuredmedia":[{"embeddable":true,"href":"https:\/\/www.san-alejandro.com\/en\/wp-json\/wp\/v2\/media\/19970"}],"wp:attachment":[{"href":"https:\/\/www.san-alejandro.com\/en\/wp-json\/wp\/v2\/media?parent=19969"}],"wp:term":[{"taxonomy":"product_cat","embeddable":true,"href":"https:\/\/www.san-alejandro.com\/en\/wp-json\/wp\/v2\/product_cat?post=19969"},{"taxonomy":"product_tag","embeddable":true,"href":"https:\/\/www.san-alejandro.com\/en\/wp-json\/wp\/v2\/product_tag?post=19969"}],"curies":[{"name":"wp","href":"https:\/\/api.w.org\/{rel}","templated":true}]}}