{"id":6429,"date":"2026-03-14T09:54:25","date_gmt":"2026-03-14T08:54:25","guid":{"rendered":"https:\/\/www.san-alejandro.com\/?post_type=product&#038;p=6429"},"modified":"2026-03-30T17:49:27","modified_gmt":"2026-03-30T15:49:27","slug":"baltasar-gracian-blanco-hielo","status":"publish","type":"product","link":"https:\/\/www.san-alejandro.com\/en\/tienda\/vinos\/baltasar-gracian-blanco-hielo\/","title":{"rendered":"Baltasar Graci\u00e1n Blanco Hielo"},"content":{"rendered":"","protected":false},"excerpt":{"rendered":"<p>[vc_row type=&#8221;in_container&#8221; full_screen_row_position=&#8221;middle&#8221; scene_position=&#8221;center&#8221; text_color=&#8221;dark&#8221; text_align=&#8221;left&#8221; overlay_strength=&#8221;0.3&#8243; shape_divider_position=&#8221;bottom&#8221; bg_image_animation=&#8221;none&#8221;][vc_column column_padding=&#8221;no-extra-padding&#8221; column_padding_position=&#8221;all&#8221; background_color_opacity=&#8221;1&#8243; background_hover_color_opacity=&#8221;1&#8243; column_link_target=&#8221;_self&#8221; column_shadow=&#8221;none&#8221; column_border_radius=&#8221;none&#8221; width=&#8221;1\/1&#8243; tablet_width_inherit=&#8221;default&#8221; tablet_text_alignment=&#8221;default&#8221; phone_text_alignment=&#8221;default&#8221; column_border_width=&#8221;none&#8221; column_border_style=&#8221;solid&#8221; bg_image_animation=&#8221;none&#8221;][vc_column_text]<\/p>\n<div id=\"ficha_informacion\">\n<div class=\"informacion sec\">\n<h3>Informaci\u00f3n<\/h3>\n<p>A\u00f1ada: 2025.<br \/>\nVariedad: Viura.<br \/>\nDenominaci\u00f3n de Origen Calatayud.<\/p>\n<\/div>\n<\/div>\n<h3><strong>\u00a1El vino que har\u00e1 brillar cualquier ocasi\u00f3n!<\/strong><\/h3>\n<p>Baltasar Graci\u00e1n Blanco Hielo es el vino perfecto para sorprender a tus invitados con algo <strong>fresco y \u00fanico<\/strong>.<br \/>\nEste vino de <strong>vendimia tard\u00eda<\/strong> presenta una <strong>intensa concentraci\u00f3n de aromas<\/strong> gracias a las <strong>uvas sobremaduras y deshidratadas<\/strong>.<br \/>\nAromas envolventes de<strong> albaricoque, melocot\u00f3n y frutas ex\u00f3ticas<\/strong> se mezclan en una sinfon\u00eda de sabores y sensaciones, creando una experiencia sensorial dif\u00edcil de olvidar.<br \/>\nEn boca es suave, con una <strong>dulzura refrescante<\/strong> que se equilibra con su delicada acidez.<br \/>\nEs el vino ideal para acompa\u00f1ar <strong>postres, foie gras o platos ex\u00f3ticos<\/strong>.<br \/>\n\u00a1Una aut\u00e9ntica delicia en cada sorbo!<br \/>\n<strong>Hazte con una botella ya y descubre el equilibrio perfecto entre dulzura y frescura.<\/strong><\/p>\n","protected":false},"featured_media":19945,"comment_status":"open","ping_status":"closed","template":"","meta":{"_acf_changed":false},"product_cat":[15,137],"product_tag":[],"class_list":{"0":"post-6429","1":"product","2":"type-product","3":"status-publish","4":"has-post-thumbnail","6":"product_cat-vinos","7":"product_cat-baltasar-gracian","8":"pa_tipo-de-vino-vino-blanco","10":"first","11":"instock","12":"taxable","13":"shipping-taxable","14":"purchasable","15":"product-type-simple"},"acf":[],"yoast_head":"<!-- This site is optimized with the Yoast SEO plugin v24.0 - https:\/\/yoast.com\/wordpress\/plugins\/seo\/ -->\n<title>Baltasar Graci\u00e1n Blanco Hielo - Bodegas San Alejandro<\/title>\n<meta name=\"robots\" content=\"index, follow, max-snippet:-1, max-image-preview:large, max-video-preview:-1\" \/>\n<link rel=\"canonical\" href=\"https:\/\/www.san-alejandro.com\/en\/tienda\/vinos\/baltasar-gracian-blanco-hielo\/\" \/>\n<meta property=\"og:locale\" content=\"en_US\" \/>\n<meta property=\"og:type\" content=\"article\" \/>\n<meta property=\"og:title\" content=\"Baltasar Graci\u00e1n Blanco Hielo - Bodegas San Alejandro\" \/>\n<meta property=\"og:description\" content=\"[vc_row type=&quot;in_container&quot; full_screen_row_position=&quot;middle&quot; scene_position=&quot;center&quot; text_color=&quot;dark&quot; text_align=&quot;left&quot; overlay_strength=&quot;0.3&quot; shape_divider_position=&quot;bottom&quot; bg_image_animation=&quot;none&quot;][vc_column column_padding=&quot;no-extra-padding&quot; column_padding_position=&quot;all&quot; background_color_opacity=&quot;1&quot; background_hover_color_opacity=&quot;1&quot; column_link_target=&quot;_self&quot; column_shadow=&quot;none&quot; column_border_radius=&quot;none&quot; width=&quot;1\/1&quot; tablet_width_inherit=&quot;default&quot; tablet_text_alignment=&quot;default&quot; phone_text_alignment=&quot;default&quot; column_border_width=&quot;none&quot; column_border_style=&quot;solid&quot; bg_image_animation=&quot;none&quot;][vc_column_text]   Informaci\u00f3n A\u00f1ada: 2025. Variedad: Viura. Denominaci\u00f3n de Origen Calatayud.    \u00a1El vino que har\u00e1 brillar cualquier ocasi\u00f3n! Baltasar Graci\u00e1n Blanco Hielo es el vino perfecto para sorprender a tus invitados con algo fresco y \u00fanico. Este vino de vendimia tard\u00eda presenta una intensa concentraci\u00f3n de aromas gracias a las uvas sobremaduras y deshidratadas. Aromas envolventes de albaricoque, melocot\u00f3n y frutas ex\u00f3ticas se mezclan en una sinfon\u00eda de sabores y sensaciones, creando una experiencia sensorial dif\u00edcil de olvidar. En boca es suave, con una dulzura refrescante que se equilibra con su delicada acidez. Es el vino ideal para acompa\u00f1ar postres, foie gras o platos ex\u00f3ticos. \u00a1Una aut\u00e9ntica delicia en cada sorbo! Hazte con una botella ya y descubre el equilibrio perfecto entre dulzura y frescura.\" \/>\n<meta property=\"og:url\" content=\"https:\/\/www.san-alejandro.com\/en\/tienda\/vinos\/baltasar-gracian-blanco-hielo\/\" \/>\n<meta property=\"og:site_name\" content=\"Bodegas San Alejandro\" \/>\n<meta property=\"article:modified_time\" content=\"2026-03-30T15:49:27+00:00\" \/>\n<meta property=\"og:image\" content=\"https:\/\/www.san-alejandro.com\/wp-content\/uploads\/2019\/07\/BaltasarGracian_Hielo.jpg\" \/>\n\t<meta property=\"og:image:width\" content=\"691\" \/>\n\t<meta property=\"og:image:height\" content=\"1080\" \/>\n\t<meta property=\"og:image:type\" content=\"image\/jpeg\" \/>\n<meta name=\"twitter:card\" content=\"summary_large_image\" \/>\n<meta name=\"twitter:label1\" content=\"Est. reading time\" \/>\n\t<meta name=\"twitter:data1\" content=\"1 minute\" \/>\n<script type=\"application\/ld+json\" class=\"yoast-schema-graph\">{\"@context\":\"https:\/\/schema.org\",\"@graph\":[{\"@type\":\"WebPage\",\"@id\":\"https:\/\/www.san-alejandro.com\/en\/tienda\/vinos\/baltasar-gracian-blanco-hielo\/\",\"url\":\"https:\/\/www.san-alejandro.com\/en\/tienda\/vinos\/baltasar-gracian-blanco-hielo\/\",\"name\":\"Baltasar Graci\u00e1n Blanco Hielo - Bodegas San Alejandro\",\"isPartOf\":{\"@id\":\"https:\/\/www.san-alejandro.com\/en\/#website\"},\"primaryImageOfPage\":{\"@id\":\"https:\/\/www.san-alejandro.com\/en\/tienda\/vinos\/baltasar-gracian-blanco-hielo\/#primaryimage\"},\"image\":{\"@id\":\"https:\/\/www.san-alejandro.com\/en\/tienda\/vinos\/baltasar-gracian-blanco-hielo\/#primaryimage\"},\"thumbnailUrl\":\"https:\/\/www.san-alejandro.com\/wp-content\/uploads\/2019\/07\/BaltasarGracian_Hielo.jpg\",\"datePublished\":\"2026-03-14T08:54:25+00:00\",\"dateModified\":\"2026-03-30T15:49:27+00:00\",\"breadcrumb\":{\"@id\":\"https:\/\/www.san-alejandro.com\/en\/tienda\/vinos\/baltasar-gracian-blanco-hielo\/#breadcrumb\"},\"inLanguage\":\"en-US\",\"potentialAction\":[{\"@type\":\"ReadAction\",\"target\":[\"https:\/\/www.san-alejandro.com\/en\/tienda\/vinos\/baltasar-gracian-blanco-hielo\/\"]}]},{\"@type\":\"ImageObject\",\"inLanguage\":\"en-US\",\"@id\":\"https:\/\/www.san-alejandro.com\/en\/tienda\/vinos\/baltasar-gracian-blanco-hielo\/#primaryimage\",\"url\":\"https:\/\/www.san-alejandro.com\/wp-content\/uploads\/2019\/07\/BaltasarGracian_Hielo.jpg\",\"contentUrl\":\"https:\/\/www.san-alejandro.com\/wp-content\/uploads\/2019\/07\/BaltasarGracian_Hielo.jpg\",\"width\":691,\"height\":1080},{\"@type\":\"BreadcrumbList\",\"@id\":\"https:\/\/www.san-alejandro.com\/en\/tienda\/vinos\/baltasar-gracian-blanco-hielo\/#breadcrumb\",\"itemListElement\":[{\"@type\":\"ListItem\",\"position\":1,\"name\":\"Portada\",\"item\":\"https:\/\/www.san-alejandro.com\/en\/\"},{\"@type\":\"ListItem\",\"position\":2,\"name\":\"Productos tienda\",\"item\":\"https:\/\/www.san-alejandro.com\/productos-tienda\/\"},{\"@type\":\"ListItem\",\"position\":3,\"name\":\"Baltasar Graci\u00e1n Blanco Hielo\"}]},{\"@type\":\"WebSite\",\"@id\":\"https:\/\/www.san-alejandro.com\/en\/#website\",\"url\":\"https:\/\/www.san-alejandro.com\/en\/\",\"name\":\"Bodegas San Alejandro\",\"description\":\"Desde 1962 en Bodegas San Alejandro elaboramos vinos de garnacha reconocidos en todo el mundo, que inspiran y deleitan gracias a la naturaleza de nuestras vi\u00f1as\",\"potentialAction\":[{\"@type\":\"SearchAction\",\"target\":{\"@type\":\"EntryPoint\",\"urlTemplate\":\"https:\/\/www.san-alejandro.com\/en\/?s={search_term_string}\"},\"query-input\":{\"@type\":\"PropertyValueSpecification\",\"valueRequired\":true,\"valueName\":\"search_term_string\"}}],\"inLanguage\":\"en-US\"}]}<\/script>\n<!-- \/ Yoast SEO plugin. -->","yoast_head_json":{"title":"Baltasar Graci\u00e1n Blanco Hielo - Bodegas San Alejandro","robots":{"index":"index","follow":"follow","max-snippet":"max-snippet:-1","max-image-preview":"max-image-preview:large","max-video-preview":"max-video-preview:-1"},"canonical":"https:\/\/www.san-alejandro.com\/en\/tienda\/vinos\/baltasar-gracian-blanco-hielo\/","og_locale":"en_US","og_type":"article","og_title":"Baltasar Graci\u00e1n Blanco Hielo - Bodegas San Alejandro","og_description":"[vc_row type=\"in_container\" full_screen_row_position=\"middle\" scene_position=\"center\" text_color=\"dark\" text_align=\"left\" overlay_strength=\"0.3\" shape_divider_position=\"bottom\" bg_image_animation=\"none\"][vc_column column_padding=\"no-extra-padding\" column_padding_position=\"all\" background_color_opacity=\"1\" background_hover_color_opacity=\"1\" column_link_target=\"_self\" column_shadow=\"none\" column_border_radius=\"none\" width=\"1\/1\" tablet_width_inherit=\"default\" tablet_text_alignment=\"default\" phone_text_alignment=\"default\" column_border_width=\"none\" column_border_style=\"solid\" bg_image_animation=\"none\"][vc_column_text]   Informaci\u00f3n A\u00f1ada: 2025. Variedad: Viura. Denominaci\u00f3n de Origen Calatayud.    \u00a1El vino que har\u00e1 brillar cualquier ocasi\u00f3n! Baltasar Graci\u00e1n Blanco Hielo es el vino perfecto para sorprender a tus invitados con algo fresco y \u00fanico. Este vino de vendimia tard\u00eda presenta una intensa concentraci\u00f3n de aromas gracias a las uvas sobremaduras y deshidratadas. Aromas envolventes de albaricoque, melocot\u00f3n y frutas ex\u00f3ticas se mezclan en una sinfon\u00eda de sabores y sensaciones, creando una experiencia sensorial dif\u00edcil de olvidar. En boca es suave, con una dulzura refrescante que se equilibra con su delicada acidez. Es el vino ideal para acompa\u00f1ar postres, foie gras o platos ex\u00f3ticos. \u00a1Una aut\u00e9ntica delicia en cada sorbo! Hazte con una botella ya y descubre el equilibrio perfecto entre dulzura y frescura.","og_url":"https:\/\/www.san-alejandro.com\/en\/tienda\/vinos\/baltasar-gracian-blanco-hielo\/","og_site_name":"Bodegas San Alejandro","article_modified_time":"2026-03-30T15:49:27+00:00","og_image":[{"width":691,"height":1080,"url":"https:\/\/www.san-alejandro.com\/wp-content\/uploads\/2019\/07\/BaltasarGracian_Hielo.jpg","type":"image\/jpeg"}],"twitter_card":"summary_large_image","twitter_misc":{"Est. reading time":"1 minute"},"schema":{"@context":"https:\/\/schema.org","@graph":[{"@type":"WebPage","@id":"https:\/\/www.san-alejandro.com\/en\/tienda\/vinos\/baltasar-gracian-blanco-hielo\/","url":"https:\/\/www.san-alejandro.com\/en\/tienda\/vinos\/baltasar-gracian-blanco-hielo\/","name":"Baltasar Graci\u00e1n Blanco Hielo - Bodegas San Alejandro","isPartOf":{"@id":"https:\/\/www.san-alejandro.com\/en\/#website"},"primaryImageOfPage":{"@id":"https:\/\/www.san-alejandro.com\/en\/tienda\/vinos\/baltasar-gracian-blanco-hielo\/#primaryimage"},"image":{"@id":"https:\/\/www.san-alejandro.com\/en\/tienda\/vinos\/baltasar-gracian-blanco-hielo\/#primaryimage"},"thumbnailUrl":"https:\/\/www.san-alejandro.com\/wp-content\/uploads\/2019\/07\/BaltasarGracian_Hielo.jpg","datePublished":"2026-03-14T08:54:25+00:00","dateModified":"2026-03-30T15:49:27+00:00","breadcrumb":{"@id":"https:\/\/www.san-alejandro.com\/en\/tienda\/vinos\/baltasar-gracian-blanco-hielo\/#breadcrumb"},"inLanguage":"en-US","potentialAction":[{"@type":"ReadAction","target":["https:\/\/www.san-alejandro.com\/en\/tienda\/vinos\/baltasar-gracian-blanco-hielo\/"]}]},{"@type":"ImageObject","inLanguage":"en-US","@id":"https:\/\/www.san-alejandro.com\/en\/tienda\/vinos\/baltasar-gracian-blanco-hielo\/#primaryimage","url":"https:\/\/www.san-alejandro.com\/wp-content\/uploads\/2019\/07\/BaltasarGracian_Hielo.jpg","contentUrl":"https:\/\/www.san-alejandro.com\/wp-content\/uploads\/2019\/07\/BaltasarGracian_Hielo.jpg","width":691,"height":1080},{"@type":"BreadcrumbList","@id":"https:\/\/www.san-alejandro.com\/en\/tienda\/vinos\/baltasar-gracian-blanco-hielo\/#breadcrumb","itemListElement":[{"@type":"ListItem","position":1,"name":"Portada","item":"https:\/\/www.san-alejandro.com\/en\/"},{"@type":"ListItem","position":2,"name":"Productos tienda","item":"https:\/\/www.san-alejandro.com\/productos-tienda\/"},{"@type":"ListItem","position":3,"name":"Baltasar Graci\u00e1n Blanco Hielo"}]},{"@type":"WebSite","@id":"https:\/\/www.san-alejandro.com\/en\/#website","url":"https:\/\/www.san-alejandro.com\/en\/","name":"Bodegas San Alejandro","description":"Desde 1962 en Bodegas San Alejandro elaboramos vinos de garnacha reconocidos en todo el mundo, que inspiran y deleitan gracias a la naturaleza de nuestras vi\u00f1as","potentialAction":[{"@type":"SearchAction","target":{"@type":"EntryPoint","urlTemplate":"https:\/\/www.san-alejandro.com\/en\/?s={search_term_string}"},"query-input":{"@type":"PropertyValueSpecification","valueRequired":true,"valueName":"search_term_string"}}],"inLanguage":"en-US"}]}},"_links":{"self":[{"href":"https:\/\/www.san-alejandro.com\/en\/wp-json\/wp\/v2\/product\/6429","targetHints":{"allow":["GET"]}}],"collection":[{"href":"https:\/\/www.san-alejandro.com\/en\/wp-json\/wp\/v2\/product"}],"about":[{"href":"https:\/\/www.san-alejandro.com\/en\/wp-json\/wp\/v2\/types\/product"}],"replies":[{"embeddable":true,"href":"https:\/\/www.san-alejandro.com\/en\/wp-json\/wp\/v2\/comments?post=6429"}],"wp:featuredmedia":[{"embeddable":true,"href":"https:\/\/www.san-alejandro.com\/en\/wp-json\/wp\/v2\/media\/19945"}],"wp:attachment":[{"href":"https:\/\/www.san-alejandro.com\/en\/wp-json\/wp\/v2\/media?parent=6429"}],"wp:term":[{"taxonomy":"product_cat","embeddable":true,"href":"https:\/\/www.san-alejandro.com\/en\/wp-json\/wp\/v2\/product_cat?post=6429"},{"taxonomy":"product_tag","embeddable":true,"href":"https:\/\/www.san-alejandro.com\/en\/wp-json\/wp\/v2\/product_tag?post=6429"}],"curies":[{"name":"wp","href":"https:\/\/api.w.org\/{rel}","templated":true}]}}