{"id":6440,"date":"2019-07-29T09:43:30","date_gmt":"2019-07-29T07:43:30","guid":{"rendered":"https:\/\/www.san-alejandro.com\/?post_type=product&#038;p=6440"},"modified":"2026-04-06T13:18:25","modified_gmt":"2026-04-06T11:18:25","slug":"clos-baltasar","status":"publish","type":"product","link":"https:\/\/www.san-alejandro.com\/en\/tienda\/vinos\/clos-baltasar\/","title":{"rendered":"Clos Baltasar"},"content":{"rendered":"","protected":false},"excerpt":{"rendered":"<p>[vc_row type=&#8221;in_container&#8221; full_screen_row_position=&#8221;middle&#8221; scene_position=&#8221;center&#8221; text_color=&#8221;dark&#8221; text_align=&#8221;left&#8221; overlay_strength=&#8221;0.3&#8243; shape_divider_position=&#8221;bottom&#8221; bg_image_animation=&#8221;none&#8221;][vc_column column_padding=&#8221;no-extra-padding&#8221; column_padding_position=&#8221;all&#8221; background_color_opacity=&#8221;1&#8243; background_hover_color_opacity=&#8221;1&#8243; column_link_target=&#8221;_self&#8221; column_shadow=&#8221;none&#8221; column_border_radius=&#8221;none&#8221; width=&#8221;1\/1&#8243; tablet_width_inherit=&#8221;default&#8221; tablet_text_alignment=&#8221;default&#8221; phone_text_alignment=&#8221;default&#8221; column_border_width=&#8221;none&#8221; column_border_style=&#8221;solid&#8221; bg_image_animation=&#8221;none&#8221;][vc_column_text]<\/p>\n<div id=\"ficha_informacion\">\n<div class=\"informacion sec\">\n<h3>Informaci\u00f3n<\/h3>\n<p>A\u00f1ada: 2023<br \/>\nVariedad: Garnacha.<br \/>\nDenominaci\u00f3n de Origen Calatayud.<\/p>\n<h3><strong>\u00a1El vino de \u201cBaltasar Graci\u00e1n\u201d m\u00e1s exclusivo!<\/strong><\/h3>\n<p>Clos Baltasar es un vino <strong>selecto y \u00fanico<\/strong>. Proviene de <strong>vi\u00f1edos antiguos de Garnacha<\/strong>, que crecen en suelos de pizarra roja a m\u00e1s de 900 metros de altitud.<br \/>\nSu elaboraci\u00f3n con un 25% de uva despalillada y la <strong>crianza en<\/strong> <strong>huevos de cemento y barricas de roble franc\u00e9s<\/strong> lo convierten en una aut\u00e9ntica joya enol\u00f3gica.<br \/>\nEn nariz, ofrece <strong>notas sutiles de especias<\/strong>, como clavo, canela y cardamomo, junto con aromas a <strong>licor de cereza y naranja dulce<\/strong>.<br \/>\nEn boca es <strong>sedoso<\/strong>, con una acidez refrescante y unos <strong>taninos finos<\/strong> que lo hacen incre\u00edblemente elegante.<br \/>\nEste vino es ideal para maridar con <strong>platos sofisticados, carnes rojas o guisos de caza<\/strong>.<br \/>\n<strong>\u00a1Hazte con una botella ahora! No dejes que este vino exclusivo se agote.<\/strong><\/p>\n<h3>\u00daltimas medallas<\/h3>\n<\/div>\n<\/div>\n<p><a href=\"https:\/\/www.san-alejandro.com\/wp-content\/uploads\/2019\/07\/92pt-Suckling-2024.png\"><img loading=\"lazy\" decoding=\"async\" class=\"alignnone size-full wp-image-18009\" src=\"https:\/\/www.san-alejandro.com\/wp-content\/uploads\/2019\/07\/92pt-Suckling-2024.png\" alt=\"\" width=\"100\" height=\"100\" \/> \u00a0<\/a><a href=\"https:\/\/www.san-alejandro.com\/wp-content\/uploads\/2019\/07\/92PT_Penin_2024.png\"><img loading=\"lazy\" decoding=\"async\" class=\"alignnone size-full wp-image-17967\" src=\"https:\/\/www.san-alejandro.com\/wp-content\/uploads\/2019\/07\/92PT_Penin_2024.png\" alt=\"\" width=\"100\" height=\"100\" \/> \u00a0<\/a><a href=\"https:\/\/www.san-alejandro.com\/wp-content\/uploads\/2019\/07\/92pt-Parker-2023.png\"><img loading=\"lazy\" decoding=\"async\" class=\"alignnone size-medium wp-image-17969\" src=\"https:\/\/www.san-alejandro.com\/wp-content\/uploads\/2019\/07\/92pt-Parker-2023.png\" alt=\"\" width=\"100\" height=\"100\" \/> \u00a0<\/a><\/p>\n<p>&nbsp;<\/p>\n","protected":false},"featured_media":18323,"comment_status":"open","ping_status":"closed","template":"","meta":{"_acf_changed":false},"product_cat":[15,137],"product_tag":[],"class_list":{"0":"post-6440","1":"product","2":"type-product","3":"status-publish","4":"has-post-thumbnail","6":"product_cat-vinos","7":"product_cat-baltasar-gracian","8":"pa_tipo-de-vino-vino-tinto","10":"first","11":"instock","12":"taxable","13":"shipping-taxable","14":"purchasable","15":"product-type-simple"},"acf":[],"yoast_head":"<!-- This site is optimized with the Yoast SEO plugin v24.0 - https:\/\/yoast.com\/wordpress\/plugins\/seo\/ -->\n<title>Clos Baltasar - Bodegas San Alejandro<\/title>\n<meta name=\"robots\" content=\"index, follow, max-snippet:-1, max-image-preview:large, max-video-preview:-1\" \/>\n<link rel=\"canonical\" href=\"https:\/\/www.san-alejandro.com\/en\/tienda\/vinos\/clos-baltasar\/\" \/>\n<meta property=\"og:locale\" content=\"en_US\" \/>\n<meta property=\"og:type\" content=\"article\" \/>\n<meta property=\"og:title\" content=\"Clos Baltasar - Bodegas San Alejandro\" \/>\n<meta property=\"og:description\" content=\"[vc_row type=&quot;in_container&quot; full_screen_row_position=&quot;middle&quot; scene_position=&quot;center&quot; text_color=&quot;dark&quot; text_align=&quot;left&quot; overlay_strength=&quot;0.3&quot; shape_divider_position=&quot;bottom&quot; bg_image_animation=&quot;none&quot;][vc_column column_padding=&quot;no-extra-padding&quot; column_padding_position=&quot;all&quot; background_color_opacity=&quot;1&quot; background_hover_color_opacity=&quot;1&quot; column_link_target=&quot;_self&quot; column_shadow=&quot;none&quot; column_border_radius=&quot;none&quot; width=&quot;1\/1&quot; tablet_width_inherit=&quot;default&quot; tablet_text_alignment=&quot;default&quot; phone_text_alignment=&quot;default&quot; column_border_width=&quot;none&quot; column_border_style=&quot;solid&quot; bg_image_animation=&quot;none&quot;][vc_column_text]   Informaci\u00f3n A\u00f1ada: 2023 Variedad: Garnacha. Denominaci\u00f3n de Origen Calatayud. \u00a1El vino de \u201cBaltasar Graci\u00e1n\u201d m\u00e1s exclusivo! Clos Baltasar es un vino selecto y \u00fanico. Proviene de vi\u00f1edos antiguos de Garnacha, que crecen en suelos de pizarra roja a m\u00e1s de 900 metros de altitud. Su elaboraci\u00f3n con un 25% de uva despalillada y la crianza en huevos de cemento y barricas de roble franc\u00e9s lo convierten en una aut\u00e9ntica joya enol\u00f3gica. En nariz, ofrece notas sutiles de especias, como clavo, canela y cardamomo, junto con aromas a licor de cereza y naranja dulce. En boca es sedoso, con una acidez refrescante y unos taninos finos que lo hacen incre\u00edblemente elegante. Este vino es ideal para maridar con platos sofisticados, carnes rojas o guisos de caza. \u00a1Hazte con una botella ahora! No dejes que este vino exclusivo se agote. \u00daltimas medallas    \u00a0 \u00a0 \u00a0  &nbsp;\" \/>\n<meta property=\"og:url\" content=\"https:\/\/www.san-alejandro.com\/en\/tienda\/vinos\/clos-baltasar\/\" \/>\n<meta property=\"og:site_name\" content=\"Bodegas San Alejandro\" \/>\n<meta property=\"article:modified_time\" content=\"2026-04-06T11:18:25+00:00\" \/>\n<meta property=\"og:image\" content=\"https:\/\/www.san-alejandro.com\/wp-content\/uploads\/2025\/01\/Vinos_0008_BSA_clos_baltasar-copia.jpg\" \/>\n\t<meta property=\"og:image:width\" content=\"691\" \/>\n\t<meta property=\"og:image:height\" content=\"1080\" \/>\n\t<meta property=\"og:image:type\" content=\"image\/jpeg\" \/>\n<meta name=\"twitter:card\" content=\"summary_large_image\" \/>\n<meta name=\"twitter:label1\" content=\"Est. reading time\" \/>\n\t<meta name=\"twitter:data1\" content=\"1 minute\" \/>\n<script type=\"application\/ld+json\" class=\"yoast-schema-graph\">{\"@context\":\"https:\/\/schema.org\",\"@graph\":[{\"@type\":\"WebPage\",\"@id\":\"https:\/\/www.san-alejandro.com\/en\/tienda\/vinos\/clos-baltasar\/\",\"url\":\"https:\/\/www.san-alejandro.com\/en\/tienda\/vinos\/clos-baltasar\/\",\"name\":\"Clos Baltasar - Bodegas San Alejandro\",\"isPartOf\":{\"@id\":\"https:\/\/www.san-alejandro.com\/en\/#website\"},\"primaryImageOfPage\":{\"@id\":\"https:\/\/www.san-alejandro.com\/en\/tienda\/vinos\/clos-baltasar\/#primaryimage\"},\"image\":{\"@id\":\"https:\/\/www.san-alejandro.com\/en\/tienda\/vinos\/clos-baltasar\/#primaryimage\"},\"thumbnailUrl\":\"https:\/\/www.san-alejandro.com\/wp-content\/uploads\/2025\/01\/Vinos_0008_BSA_clos_baltasar-copia.jpg\",\"datePublished\":\"2019-07-29T07:43:30+00:00\",\"dateModified\":\"2026-04-06T11:18:25+00:00\",\"breadcrumb\":{\"@id\":\"https:\/\/www.san-alejandro.com\/en\/tienda\/vinos\/clos-baltasar\/#breadcrumb\"},\"inLanguage\":\"en-US\",\"potentialAction\":[{\"@type\":\"ReadAction\",\"target\":[\"https:\/\/www.san-alejandro.com\/en\/tienda\/vinos\/clos-baltasar\/\"]}]},{\"@type\":\"ImageObject\",\"inLanguage\":\"en-US\",\"@id\":\"https:\/\/www.san-alejandro.com\/en\/tienda\/vinos\/clos-baltasar\/#primaryimage\",\"url\":\"https:\/\/www.san-alejandro.com\/wp-content\/uploads\/2025\/01\/Vinos_0008_BSA_clos_baltasar-copia.jpg\",\"contentUrl\":\"https:\/\/www.san-alejandro.com\/wp-content\/uploads\/2025\/01\/Vinos_0008_BSA_clos_baltasar-copia.jpg\",\"width\":691,\"height\":1080},{\"@type\":\"BreadcrumbList\",\"@id\":\"https:\/\/www.san-alejandro.com\/en\/tienda\/vinos\/clos-baltasar\/#breadcrumb\",\"itemListElement\":[{\"@type\":\"ListItem\",\"position\":1,\"name\":\"Portada\",\"item\":\"https:\/\/www.san-alejandro.com\/en\/\"},{\"@type\":\"ListItem\",\"position\":2,\"name\":\"Productos tienda\",\"item\":\"https:\/\/www.san-alejandro.com\/productos-tienda\/\"},{\"@type\":\"ListItem\",\"position\":3,\"name\":\"Clos Baltasar\"}]},{\"@type\":\"WebSite\",\"@id\":\"https:\/\/www.san-alejandro.com\/en\/#website\",\"url\":\"https:\/\/www.san-alejandro.com\/en\/\",\"name\":\"Bodegas San Alejandro\",\"description\":\"Desde 1962 en Bodegas San Alejandro elaboramos vinos de garnacha reconocidos en todo el mundo, que inspiran y deleitan gracias a la naturaleza de nuestras vi\u00f1as\",\"potentialAction\":[{\"@type\":\"SearchAction\",\"target\":{\"@type\":\"EntryPoint\",\"urlTemplate\":\"https:\/\/www.san-alejandro.com\/en\/?s={search_term_string}\"},\"query-input\":{\"@type\":\"PropertyValueSpecification\",\"valueRequired\":true,\"valueName\":\"search_term_string\"}}],\"inLanguage\":\"en-US\"}]}<\/script>\n<!-- \/ Yoast SEO plugin. -->","yoast_head_json":{"title":"Clos Baltasar - Bodegas San Alejandro","robots":{"index":"index","follow":"follow","max-snippet":"max-snippet:-1","max-image-preview":"max-image-preview:large","max-video-preview":"max-video-preview:-1"},"canonical":"https:\/\/www.san-alejandro.com\/en\/tienda\/vinos\/clos-baltasar\/","og_locale":"en_US","og_type":"article","og_title":"Clos Baltasar - Bodegas San Alejandro","og_description":"[vc_row type=\"in_container\" full_screen_row_position=\"middle\" scene_position=\"center\" text_color=\"dark\" text_align=\"left\" overlay_strength=\"0.3\" shape_divider_position=\"bottom\" bg_image_animation=\"none\"][vc_column column_padding=\"no-extra-padding\" column_padding_position=\"all\" background_color_opacity=\"1\" background_hover_color_opacity=\"1\" column_link_target=\"_self\" column_shadow=\"none\" column_border_radius=\"none\" width=\"1\/1\" tablet_width_inherit=\"default\" tablet_text_alignment=\"default\" phone_text_alignment=\"default\" column_border_width=\"none\" column_border_style=\"solid\" bg_image_animation=\"none\"][vc_column_text]   Informaci\u00f3n A\u00f1ada: 2023 Variedad: Garnacha. Denominaci\u00f3n de Origen Calatayud. \u00a1El vino de \u201cBaltasar Graci\u00e1n\u201d m\u00e1s exclusivo! Clos Baltasar es un vino selecto y \u00fanico. Proviene de vi\u00f1edos antiguos de Garnacha, que crecen en suelos de pizarra roja a m\u00e1s de 900 metros de altitud. Su elaboraci\u00f3n con un 25% de uva despalillada y la crianza en huevos de cemento y barricas de roble franc\u00e9s lo convierten en una aut\u00e9ntica joya enol\u00f3gica. En nariz, ofrece notas sutiles de especias, como clavo, canela y cardamomo, junto con aromas a licor de cereza y naranja dulce. En boca es sedoso, con una acidez refrescante y unos taninos finos que lo hacen incre\u00edblemente elegante. Este vino es ideal para maridar con platos sofisticados, carnes rojas o guisos de caza. \u00a1Hazte con una botella ahora! No dejes que este vino exclusivo se agote. \u00daltimas medallas    \u00a0 \u00a0 \u00a0  &nbsp;","og_url":"https:\/\/www.san-alejandro.com\/en\/tienda\/vinos\/clos-baltasar\/","og_site_name":"Bodegas San Alejandro","article_modified_time":"2026-04-06T11:18:25+00:00","og_image":[{"width":691,"height":1080,"url":"https:\/\/www.san-alejandro.com\/wp-content\/uploads\/2025\/01\/Vinos_0008_BSA_clos_baltasar-copia.jpg","type":"image\/jpeg"}],"twitter_card":"summary_large_image","twitter_misc":{"Est. reading time":"1 minute"},"schema":{"@context":"https:\/\/schema.org","@graph":[{"@type":"WebPage","@id":"https:\/\/www.san-alejandro.com\/en\/tienda\/vinos\/clos-baltasar\/","url":"https:\/\/www.san-alejandro.com\/en\/tienda\/vinos\/clos-baltasar\/","name":"Clos Baltasar - Bodegas San Alejandro","isPartOf":{"@id":"https:\/\/www.san-alejandro.com\/en\/#website"},"primaryImageOfPage":{"@id":"https:\/\/www.san-alejandro.com\/en\/tienda\/vinos\/clos-baltasar\/#primaryimage"},"image":{"@id":"https:\/\/www.san-alejandro.com\/en\/tienda\/vinos\/clos-baltasar\/#primaryimage"},"thumbnailUrl":"https:\/\/www.san-alejandro.com\/wp-content\/uploads\/2025\/01\/Vinos_0008_BSA_clos_baltasar-copia.jpg","datePublished":"2019-07-29T07:43:30+00:00","dateModified":"2026-04-06T11:18:25+00:00","breadcrumb":{"@id":"https:\/\/www.san-alejandro.com\/en\/tienda\/vinos\/clos-baltasar\/#breadcrumb"},"inLanguage":"en-US","potentialAction":[{"@type":"ReadAction","target":["https:\/\/www.san-alejandro.com\/en\/tienda\/vinos\/clos-baltasar\/"]}]},{"@type":"ImageObject","inLanguage":"en-US","@id":"https:\/\/www.san-alejandro.com\/en\/tienda\/vinos\/clos-baltasar\/#primaryimage","url":"https:\/\/www.san-alejandro.com\/wp-content\/uploads\/2025\/01\/Vinos_0008_BSA_clos_baltasar-copia.jpg","contentUrl":"https:\/\/www.san-alejandro.com\/wp-content\/uploads\/2025\/01\/Vinos_0008_BSA_clos_baltasar-copia.jpg","width":691,"height":1080},{"@type":"BreadcrumbList","@id":"https:\/\/www.san-alejandro.com\/en\/tienda\/vinos\/clos-baltasar\/#breadcrumb","itemListElement":[{"@type":"ListItem","position":1,"name":"Portada","item":"https:\/\/www.san-alejandro.com\/en\/"},{"@type":"ListItem","position":2,"name":"Productos tienda","item":"https:\/\/www.san-alejandro.com\/productos-tienda\/"},{"@type":"ListItem","position":3,"name":"Clos Baltasar"}]},{"@type":"WebSite","@id":"https:\/\/www.san-alejandro.com\/en\/#website","url":"https:\/\/www.san-alejandro.com\/en\/","name":"Bodegas San Alejandro","description":"Desde 1962 en Bodegas San Alejandro elaboramos vinos de garnacha reconocidos en todo el mundo, que inspiran y deleitan gracias a la naturaleza de nuestras vi\u00f1as","potentialAction":[{"@type":"SearchAction","target":{"@type":"EntryPoint","urlTemplate":"https:\/\/www.san-alejandro.com\/en\/?s={search_term_string}"},"query-input":{"@type":"PropertyValueSpecification","valueRequired":true,"valueName":"search_term_string"}}],"inLanguage":"en-US"}]}},"_links":{"self":[{"href":"https:\/\/www.san-alejandro.com\/en\/wp-json\/wp\/v2\/product\/6440","targetHints":{"allow":["GET"]}}],"collection":[{"href":"https:\/\/www.san-alejandro.com\/en\/wp-json\/wp\/v2\/product"}],"about":[{"href":"https:\/\/www.san-alejandro.com\/en\/wp-json\/wp\/v2\/types\/product"}],"replies":[{"embeddable":true,"href":"https:\/\/www.san-alejandro.com\/en\/wp-json\/wp\/v2\/comments?post=6440"}],"wp:featuredmedia":[{"embeddable":true,"href":"https:\/\/www.san-alejandro.com\/en\/wp-json\/wp\/v2\/media\/18323"}],"wp:attachment":[{"href":"https:\/\/www.san-alejandro.com\/en\/wp-json\/wp\/v2\/media?parent=6440"}],"wp:term":[{"taxonomy":"product_cat","embeddable":true,"href":"https:\/\/www.san-alejandro.com\/en\/wp-json\/wp\/v2\/product_cat?post=6440"},{"taxonomy":"product_tag","embeddable":true,"href":"https:\/\/www.san-alejandro.com\/en\/wp-json\/wp\/v2\/product_tag?post=6440"}],"curies":[{"name":"wp","href":"https:\/\/api.w.org\/{rel}","templated":true}]}}